{"id":997,"date":"2020-01-27T15:54:09","date_gmt":"2020-01-27T14:54:09","guid":{"rendered":"https:\/\/sklep.emhara.pl\/?post_type=product&#038;p=997"},"modified":"2025-08-25T16:25:09","modified_gmt":"2025-08-25T14:25:09","slug":"sesja-wizerunkowa","status":"publish","type":"product","link":"https:\/\/emhara.pl\/sklep\/produkt\/sesja-wizerunkowa\/","title":{"rendered":"Sesja Wizerunkowa"},"content":{"rendered":"<h2>Sesja Wizerunkowa<\/h2>\n<p>Fotografowanie trwa do\u00a0<strong>2 godzin, <\/strong>wiza\u017c do 50 minut. Pakiet zawiera pi\u0119\u0107 wyretuszowanych zdj\u0119\u0107 jednej osoby, <strong>wiza\u017c<\/strong> i wszystkie dobre pliki po obr\u00f3bce technicznej. Podczas sesji jest mo\u017cliwo\u015b\u0107 zmiany garderoby i fryzury, zdj\u0119cia robimy w r\u00f3\u017cnych stylach o\u015bwietlenia i na r\u00f3\u017cnych t\u0142ach.<br \/>\n<strong>Koszt Sesji to<\/strong>\u00a0<strong>1300 z\u0142 <\/strong>(cena bazowa)<\/p>\n<p>Specyfikacja:<\/p>\n<ul>\n<li>precyzyjny retusz 5 zdj\u0119\u0107 jednej osoby<\/li>\n<li>wszystkie dobre zdj\u0119cia po obr\u00f3bce technicznej<\/li>\n<li>fotografowanie do 2 godzin<\/li>\n<li>t\u0142o do wyboru: bia\u0142e, szare, czarne, niebieskie lub br\u0105zowe<\/li>\n<li>wiza\u017c do 50 minut<\/li>\n<li>w postprodukcji robimy cztery pliki z jednego uj\u0119cia: 3\/4 sylwetki, portret, bliski portret, kwadrat<\/li>\n<li>pliki w wysokiej rozdzielczo\u015bci oraz dostosowane do publikacji w internecie (r\u00f3\u017cne sposoby\u00a0kadrowania i kompresji)<\/li>\n<li>pliki w rozmiarze do 6000&#215;4000 pikseli przy 300 dpi oraz zmniejszone<\/li>\n<li>format\u00a0JPEG<\/li>\n<li>link do pobrania z serwera<\/li>\n<li>czas oczekiwania na zdj\u0119cia 5-7 dni roboczych<\/li>\n<li>jedno gotowe zdj\u0119cie dost\u0119pne w 48 godzin<\/li>\n<li>us\u0142uga ekspres (pliki dost\u0119pne w ci\u0105gu jednego, dw\u00f3ch dni roboczych) plus 50% ceny<\/li>\n<li>miejsce wykonania zdj\u0119\u0107: ul. Nowogrodzka 20\/6, 00-511 Warszawa,<\/li>\n<li style=\"list-style-type: none;\">\n<ul>\n<li style=\"list-style-type: none;\"><\/li>\n<\/ul>\n<\/li>\n<\/ul>\n<p style=\"text-align: justify;\">Bardzo wa\u017cnym elementem budowania marki osobistej jest w\u0142a\u015bciwa prezentacja w\u0142asnego wizerunku. Najlepszym sposobem na pokazanie si\u0119 z jak najlepszej strony jest sesja wizerunkowa. Warszawa jest miejscem, w kt\u00f3rym spotykaj\u0105 si\u0119 przedstawiciele najpr\u0119\u017cniej rozwijaj\u0105cych si\u0119 biznes\u00f3w. Dobrze wykonane zdj\u0119cia pozwalaj\u0105 wybi\u0107 si\u0119 z t\u0142umu, podkre\u015blaj\u0105 profesjonalizm i umo\u017cliwiaj\u0105 bycie rozpoznawalnym. Mo\u017cna je wykorzysta\u0107 w mediach spo\u0142eczno\u015bciowych, na wizyt\u00f3wkach i w prezentacjach.<\/p>\n<p style=\"text-align: justify;\">Rezerwacja sesji wizerunkowej wymaga przygotowania: trzeba zastanowi\u0107 si\u0119, w jaki spos\u00f3b wyrazi\u0107 siebie i swoj\u0105 mark\u0119. Najlepiej by\u0107 naturalnym i przyj\u015b\u0107 w ubraniach, kt\u00f3re si\u0119 lubi i kt\u00f3re wyra\u017caj\u0105 osobisty styl. Istnieje mo\u017cliwo\u015b\u0107 zmiany stroju i fryzury oraz t\u0142a. Ch\u0119tnych nie brakuje, dlatego konieczna jest rezerwacja. Sesja wizerunkowa to pakiet pi\u0119ciu wyretuszowanych zdj\u0119\u0107 w formacie jpg, oraz pozosta\u0142ych dost\u0119pnych po obr\u00f3bce technicznej.<\/p>\n","protected":false},"excerpt":{"rendered":"<p>Sesja wizerunkowa w Warszawie.<br \/>\nDo 2 godzin fotografowania i wiza\u017c, 5 wyretuszowanych zdj\u0119\u0107 + wszystkie dobre uj\u0119cia, r\u00f3\u017cne t\u0142a, stylizacje i profesjonalna obr\u00f3bka.<\/p>\n<p><strong>Wybierz termin z kalendarza poni\u017cej.<\/strong><br \/>\nSystem automatycznie zaznaczy w kalendarzu wymagan\u0105 ilo\u015b\u0107 blok\u00f3w. Rezerwacja jest mo\u017cliwa najp\u00f3\u017aniej na 24 godziny przed planowan\u0105 wizyt\u0105 oraz na nast\u0119pne dni.<\/p>\n","protected":false},"featured_media":8887,"template":"","meta":{"_acf_changed":false,"om_disable_all_campaigns":false,"_monsterinsights_skip_tracking":false,"_monsterinsights_sitenote_active":false,"_monsterinsights_sitenote_note":"","_monsterinsights_sitenote_category":0,"pgc_sgb_lightbox_settings":""},"product_cat":[47],"product_tag":[],"class_list":{"0":"post-997","1":"product","2":"type-product","3":"status-publish","4":"has-post-thumbnail","6":"product_cat-fotografia-biznesowa","8":"first","9":"instock","10":"featured","11":"virtual","12":"purchasable","13":"product-type-phive_booking"},"acf":[],"aioseo_notices":[],"post_mailing_queue_ids":[],"_links":{"self":[{"href":"https:\/\/emhara.pl\/sklep\/wp-json\/wp\/v2\/product\/997"}],"collection":[{"href":"https:\/\/emhara.pl\/sklep\/wp-json\/wp\/v2\/product"}],"about":[{"href":"https:\/\/emhara.pl\/sklep\/wp-json\/wp\/v2\/types\/product"}],"wp:featuredmedia":[{"embeddable":true,"href":"https:\/\/emhara.pl\/sklep\/wp-json\/wp\/v2\/media\/8887"}],"wp:attachment":[{"href":"https:\/\/emhara.pl\/sklep\/wp-json\/wp\/v2\/media?parent=997"}],"wp:term":[{"taxonomy":"product_cat","embeddable":true,"href":"https:\/\/emhara.pl\/sklep\/wp-json\/wp\/v2\/product_cat?post=997"},{"taxonomy":"product_tag","embeddable":true,"href":"https:\/\/emhara.pl\/sklep\/wp-json\/wp\/v2\/product_tag?post=997"}],"curies":[{"name":"wp","href":"https:\/\/api.w.org\/{rel}","templated":true}]}}