{"id":995,"date":"2020-01-27T15:50:50","date_gmt":"2020-01-27T14:50:50","guid":{"rendered":"https:\/\/sklep.emhara.pl\/?post_type=product&#038;p=995"},"modified":"2025-08-28T15:51:51","modified_gmt":"2025-08-28T13:51:51","slug":"sesja-biznesowa","status":"publish","type":"product","link":"https:\/\/emhara.pl\/sklep\/produkt\/sesja-biznesowa\/","title":{"rendered":"Sesja Biznesowa"},"content":{"rendered":"<h2>Sesja Biznesowa<\/h2>\n<p>Sesja trwa do <strong>40 minut<\/strong>, pierwsze wybrane i\u00a0wyretuszowane uj\u0119cie, <strong>kadr 3\/4 sylwetki<\/strong>, jednej osoby kosztuje<strong> 220 z\u0142<\/strong> (cena bazowa), ka\u017cde nast\u0119pne zdj\u0119cie tej samej osoby kosztuje 190 z\u0142.<br \/>\n<strong>Podczas Sesji Biznesowej<\/strong> jest mo\u017cliwo\u015b\u0107 zmiany detalu garderoby. Stosujemy r\u00f3\u017cne style\u00a0o\u015bwietlenia, zdj\u0119cia robimy na jednym wybranym tle.<\/p>\n<p>Specyfikacja:<\/p>\n<ul>\n<li>precyzyjny retusz 1 zdj\u0119cia<\/li>\n<li>fotografowanie do 40 minut<\/li>\n<li>w postprodukcji robimy cztery pliki z jednego uj\u0119cia: 3\/4 sylwetki, portret, bliski portret, kwadrat<\/li>\n<li>t\u0142o do wyboru: bia\u0142e, szare, czarne, niebieskie lub br\u0105zowe<\/li>\n<li>pliki w wysokiej rozdzielczo\u015bci oraz dostosowane do publikacji w internecie (r\u00f3\u017cne sposoby kadrowania i kompresji)<\/li>\n<li>pliki w rozmiarze do 6000&#215;4000 pikseli przy 300 dpi oraz zmniejszone<\/li>\n<li>format\u00a0JPEG<\/li>\n<li>link do pobrania zdj\u0119\u0107 z serwera,<\/li>\n<li>standardowy czas oczekiwania na zdj\u0119cia 2-4 dni robocze<\/li>\n<li>us\u0142uga ekspres (pliki dost\u0119pne w 24h) plus 50% ceny<\/li>\n<li>miejsce wykonania zdj\u0119\u0107: ul. Nowogrodzka 20\/6, 00-511 Warszawa<\/li>\n<li style=\"list-style-type: none;\">\n<ul>\n<li style=\"list-style-type: none;\"><\/li>\n<\/ul>\n<\/li>\n<\/ul>\n<p style=\"text-align: justify;\">Sesja biznesowa jest bardzo wa\u017cnym elementem ka\u017cdej kariery zawodowej. Dobrze wykonane zdj\u0119cia maj\u0105 decyduj\u0105cy wp\u0142yw na wizerunek portretowanej osoby, co przedk\u0142ada si\u0119 na zainteresowanie ni\u0105 potencjalnych klient\u00f3w i nawi\u0105zanie nowych relacji biznesowych. R\u00f3wnie\u017c zdj\u0119cie w CV mo\u017ce by\u0107 tym wykonanym podczas Sesji Biznesowej. Decyzja, by wykona\u0107 takie zdj\u0119cia jest zawsze s\u0142uszna, poniewa\u017c mo\u017ce bardzo pozytywnie wp\u0142yn\u0105\u0107 na rozw\u00f3j dalszej kariery. A rezerwacja terminu dla sesji biznesowej jest doskona\u0142ym pomys\u0142em, poniewa\u017c mo\u017cna si\u0119 odpowiednio wcze\u015bnie do niej przygotowa\u0107.<\/p>\n<p style=\"text-align: justify;\">Nasze studio daje mo\u017cliwo\u015b\u0107 rezerwacji terminu na portrety i sesje biznesowe. Mo\u017cna j\u0105 zrobi\u0107 poprzez wygodny system online. Wystarczy wybra\u0107 z kalendarza dogodny termin i w wybranym czasie zrealizowa\u0107 sesj\u0119 zdj\u0119ciow\u0105 w podanej lokalizacji w Warszawie. Sesja biznesowa w naszym warszawskim studio trwa od 30 do 60 minut, w zale\u017cno\u015bci od wybranej specyfikacji.<\/p>\n","protected":false},"excerpt":{"rendered":"<p><strong>Sesja Biznesowa trwaj\u0105ca do 40 minut, jedno wybrane i wyretuszowane uj\u0119cie w kadrze 3\/4 sylwetki.<br \/>\nWybierz termin z kalendarza poni\u017cej.\u00a0<\/strong>System automatycznie zaznaczy w kalendarzu wymagan\u0105 ilo\u015b\u0107 blok\u00f3w. Rezerwacja jest mo\u017cliwa najp\u00f3\u017aniej na 30 minut przed planowan\u0105 wizyt\u0105 oraz na nast\u0119pne 14 dni.<\/p>\n<p><a title=\"Prezent Fotografia Biznesowa\" href=\"https:\/\/emhara.pl\/sklep\/produkt\/prezent-fotografia-biznesowa\/?attribute_produkt=Sesja+Biznesowa+160+z\u0142&amp;attribute_wizaz=Bez+Wiza\u017cu\">Mo\u017cesz tak\u017ce kupi\u0107 na prezent.<\/a><\/p>\n","protected":false},"featured_media":40768,"template":"","meta":{"_acf_changed":false,"om_disable_all_campaigns":false,"_monsterinsights_skip_tracking":false,"_monsterinsights_sitenote_active":false,"_monsterinsights_sitenote_note":"","_monsterinsights_sitenote_category":0,"pgc_sgb_lightbox_settings":""},"product_cat":[47],"product_tag":[63],"class_list":{"0":"post-995","1":"product","2":"type-product","3":"status-publish","4":"has-post-thumbnail","6":"product_cat-fotografia-biznesowa","7":"product_tag-best","9":"first","10":"instock","11":"featured","12":"virtual","13":"purchasable","14":"product-type-phive_booking"},"acf":[],"aioseo_notices":[],"post_mailing_queue_ids":[],"_links":{"self":[{"href":"https:\/\/emhara.pl\/sklep\/wp-json\/wp\/v2\/product\/995"}],"collection":[{"href":"https:\/\/emhara.pl\/sklep\/wp-json\/wp\/v2\/product"}],"about":[{"href":"https:\/\/emhara.pl\/sklep\/wp-json\/wp\/v2\/types\/product"}],"wp:featuredmedia":[{"embeddable":true,"href":"https:\/\/emhara.pl\/sklep\/wp-json\/wp\/v2\/media\/40768"}],"wp:attachment":[{"href":"https:\/\/emhara.pl\/sklep\/wp-json\/wp\/v2\/media?parent=995"}],"wp:term":[{"taxonomy":"product_cat","embeddable":true,"href":"https:\/\/emhara.pl\/sklep\/wp-json\/wp\/v2\/product_cat?post=995"},{"taxonomy":"product_tag","embeddable":true,"href":"https:\/\/emhara.pl\/sklep\/wp-json\/wp\/v2\/product_tag?post=995"}],"curies":[{"name":"wp","href":"https:\/\/api.w.org\/{rel}","templated":true}]}}