{"id":8842,"date":"2020-11-16T00:57:57","date_gmt":"2020-11-15T23:57:57","guid":{"rendered":"https:\/\/sklep.emhara.pl\/?post_type=product&#038;p=8842"},"modified":"2023-06-16T23:13:30","modified_gmt":"2023-06-16T21:13:30","slug":"prezent-sesja-osobista","status":"publish","type":"product","link":"https:\/\/emhara.pl\/sklep\/produkt\/prezent-sesja-osobista\/","title":{"rendered":"Prezent Sesja Osobista"},"content":{"rendered":"<p>Karta podarunkowa na Sesj\u0119 Osobist\u0105 bardzo dobrze sprawdzi si\u0119 jako prezent. Lu\u017ana sesja z wiza\u017cem to \u015bwietnie sp\u0119dzony czas. Zdj\u0119cia wykonamy w Studio fotograficznym w Warszawie.<\/p>\n<p>Osob\u0119, kt\u00f3ra otrzyma kupon zaprosimy do studia na\u00a0<strong>2,5 godziny, <\/strong>z czego fotografowanie trwa do <strong>2 godzin<\/strong>, a pozosta\u0142y czas jest po\u015bwi\u0119cony na przygotowania do sesji, pomo\u017ce w tym osoba profesjonalnie zajmuj\u0105ca si\u0119 <strong>wiza\u017cem i u\u0142o\u017ceniem w\u0142os\u00f3w<\/strong>. W pakiecie znajduje si\u0119 pi\u0119\u0107 wyretuszowanych plik\u00f3w,\u00a0oraz wszystkie dobre zdj\u0119cia po delikatnej obr\u00f3bce.<br \/>\n<strong>Koszt Sesji to<\/strong>\u00a0<strong>1300\u00a0z\u0142.<\/strong><\/p>\n","protected":false},"excerpt":{"rendered":"<p>Wybieraj\u0105c ten produkt otrzymasz plik z kodem w formacie PDF. Osoba kt\u00f3rej przeka\u017cesz kupon b\u0119dzie mog\u0142a samodzielnie um\u00f3wi\u0107 wizyt\u0119 i zap\u0142aci\u0107 za ni\u0105 kodem.<\/p>\n","protected":false},"featured_media":8757,"template":"","meta":{"_acf_changed":false,"om_disable_all_campaigns":false,"_monsterinsights_skip_tracking":false,"_monsterinsights_sitenote_active":false,"_monsterinsights_sitenote_note":"","_monsterinsights_sitenote_category":0,"pgc_sgb_lightbox_settings":""},"product_cat":[67],"product_tag":[63],"class_list":{"0":"post-8842","1":"product","2":"type-product","3":"status-publish","4":"has-post-thumbnail","6":"product_cat-prezenty","7":"product_tag-best","9":"first","10":"instock","11":"virtual","12":"purchasable","13":"product-type-simple"},"acf":[],"aioseo_notices":[],"post_mailing_queue_ids":[],"_links":{"self":[{"href":"https:\/\/emhara.pl\/sklep\/wp-json\/wp\/v2\/product\/8842"}],"collection":[{"href":"https:\/\/emhara.pl\/sklep\/wp-json\/wp\/v2\/product"}],"about":[{"href":"https:\/\/emhara.pl\/sklep\/wp-json\/wp\/v2\/types\/product"}],"wp:featuredmedia":[{"embeddable":true,"href":"https:\/\/emhara.pl\/sklep\/wp-json\/wp\/v2\/media\/8757"}],"wp:attachment":[{"href":"https:\/\/emhara.pl\/sklep\/wp-json\/wp\/v2\/media?parent=8842"}],"wp:term":[{"taxonomy":"product_cat","embeddable":true,"href":"https:\/\/emhara.pl\/sklep\/wp-json\/wp\/v2\/product_cat?post=8842"},{"taxonomy":"product_tag","embeddable":true,"href":"https:\/\/emhara.pl\/sklep\/wp-json\/wp\/v2\/product_tag?post=8842"}],"curies":[{"name":"wp","href":"https:\/\/api.w.org\/{rel}","templated":true}]}}