{"id":8689,"date":"2020-11-08T10:26:47","date_gmt":"2020-11-08T09:26:47","guid":{"rendered":"https:\/\/sklep.emhara.pl\/?post_type=product&#038;p=8689"},"modified":"2024-08-23T16:22:23","modified_gmt":"2024-08-23T14:22:23","slug":"prezent-fotografia-biznesowa","status":"publish","type":"product","link":"https:\/\/emhara.pl\/sklep\/produkt\/prezent-fotografia-biznesowa\/","title":{"rendered":"Prezent Fotografia Biznesowa"},"content":{"rendered":"<p>Karta podarunkowa na Fotografie Biznesow\u0105 \u015bwietnie sprawdzi si\u0119 jako prezent dla os\u00f3b dbaj\u0105cych o sw\u00f3j wizerunek. Zdj\u0119cia wykonamy w Studio fotograficznym w Warszawie.<\/p>\n","protected":false},"excerpt":{"rendered":"<p>Poni\u017cej wybierz produkty, kt\u00f3re pojawi\u0105 si\u0119 na kuponie. Otrzymasz plik z kodem w formacie PDF. Osoba kt\u00f3rej przeka\u017cesz kupon b\u0119dzie mog\u0142a samodzielnie um\u00f3wi\u0107 wizyt\u0119 i zap\u0142aci\u0107 za ni\u0105 kodem wa\u017cnym przez p\u00f3\u0142 roku.<\/p>\n","protected":false},"featured_media":8904,"template":"","meta":{"_acf_changed":false,"om_disable_all_campaigns":false,"_monsterinsights_skip_tracking":false,"_monsterinsights_sitenote_active":false,"_monsterinsights_sitenote_note":"","_monsterinsights_sitenote_category":0,"pgc_sgb_lightbox_settings":""},"product_cat":[67],"product_tag":[],"class_list":{"0":"post-8689","1":"product","2":"type-product","3":"status-publish","4":"has-post-thumbnail","6":"product_cat-prezenty","8":"first","9":"instock","10":"sold-individually","11":"shipping-taxable","12":"purchasable","13":"product-type-variable","14":"has-default-attributes"},"acf":[],"aioseo_notices":[],"post_mailing_queue_ids":[],"_links":{"self":[{"href":"https:\/\/emhara.pl\/sklep\/wp-json\/wp\/v2\/product\/8689"}],"collection":[{"href":"https:\/\/emhara.pl\/sklep\/wp-json\/wp\/v2\/product"}],"about":[{"href":"https:\/\/emhara.pl\/sklep\/wp-json\/wp\/v2\/types\/product"}],"wp:featuredmedia":[{"embeddable":true,"href":"https:\/\/emhara.pl\/sklep\/wp-json\/wp\/v2\/media\/8904"}],"wp:attachment":[{"href":"https:\/\/emhara.pl\/sklep\/wp-json\/wp\/v2\/media?parent=8689"}],"wp:term":[{"taxonomy":"product_cat","embeddable":true,"href":"https:\/\/emhara.pl\/sklep\/wp-json\/wp\/v2\/product_cat?post=8689"},{"taxonomy":"product_tag","embeddable":true,"href":"https:\/\/emhara.pl\/sklep\/wp-json\/wp\/v2\/product_tag?post=8689"}],"curies":[{"name":"wp","href":"https:\/\/api.w.org\/{rel}","templated":true}]}}