{"id":8628,"date":"2020-11-06T15:34:53","date_gmt":"2020-11-06T14:34:53","guid":{"rendered":"https:\/\/sklep.emhara.pl\/?post_type=product&#038;p=8628"},"modified":"2025-08-25T16:24:35","modified_gmt":"2025-08-25T14:24:35","slug":"wizaz","status":"publish","type":"product","link":"https:\/\/emhara.pl\/sklep\/produkt\/wizaz\/","title":{"rendered":"Makija\u017c do sesji"},"content":{"rendered":"<h2>Makija\u017c do sesji zdj\u0119ciowej.<\/h2>\n<p>Je\u015bli wybierzesz opcj\u0119 podstawow\u0105 osoba od wiza\u017cu poprawi Tw\u00f3j makeup. Przyjd\u017a z takim makija\u017cem jaki robisz na co dzie\u0144.<br \/>\nWybieraj\u0105c pe\u0142ny makija\u017c mo\u017cesz przyj\u015b\u0107 do nas bez na\u0142o\u017cenia \u017cadnych kosmetyk\u00f3w.<\/p>\n<p>Makija\u017c pe\u0142ny dla Pa\u0144 obejmuje:<\/p>\n<ul>\n<li>oczyszczenie, od\u015bwie\u017cenie sk\u00f3ry twarzy i dekoltu<\/li>\n<li>zastosowanie kremu nawil\u017caj\u0105cego oraz dob\u00f3r bazy pod makija\u017c<\/li>\n<li>dob\u00f3r podk\u0142adu w celu wyr\u00f3wnania koloru cery i przykrycia niedoskona\u0142o\u015bci<\/li>\n<li>zmatowienie cery pudrem sypkim na potrzeby sesji<\/li>\n<li>modelowanie bronzerem i r\u00f3\u017c na policzki<\/li>\n<li>makija\u017c oczu i ust dostosowany do charakteru sesji i typu urody<\/li>\n<li>piel\u0119gnacj\u0119 sk\u00f3ry d\u0142oni<\/li>\n<li>delikatn\u0105 popraw\u0119 fryzury na potrzeby sesji<\/li>\n<\/ul>\n<p>Makija\u017c podstawowy dla Pa\u0144 obejmuje:<\/p>\n<ul>\n<li>zmatowienie cery pudrem sypkim na potrzeby sesji<\/li>\n<li>delikatne modelowanie twarzy<span class=\"Apple-converted-space\">\u00a0<\/span><\/li>\n<li>makija\u017c ust dostosowany do charakteru sesji i typu urody<\/li>\n<li>piel\u0119gnacj\u0119 sk\u00f3ry d\u0142oni<\/li>\n<li>delikatn\u0105 popraw\u0119 fryzury na potrzeby sesji.<\/li>\n<\/ul>\n<p>Makija\u017c dla Pan\u00f3w obejmuje<\/p>\n<ul>\n<li>oczyszczenie, od\u015bwie\u017cenie sk\u00f3ry twarzy<\/li>\n<li>zastosowanie kremu nawil\u017caj\u0105cego oraz dob\u00f3r bazy pod makija\u017c<\/li>\n<li>wyr\u00f3wnanie koloru cery i przykrycia niedoskona\u0142o\u015bci<\/li>\n<li>zmatowienie cery pudrem sypkim na potrzeby sesji<\/li>\n<li>piel\u0119gnacj\u0119 sk\u00f3ry d\u0142oni<\/li>\n<li>delikatn\u0105 popraw\u0119 fryzury \/ zarostu na potrzeby sesji<\/li>\n<\/ul>\n<p>Dokument sprzeda\u017cy bez VAT (podmiot zwolniony) &#8211; paragon lub Faktura<\/p>\n","protected":false},"excerpt":{"rendered":"<p><strong>Wybierz termin z kalendarza poni\u017cej na makija\u017c do sesji zdj\u0119ciowej, <\/strong>termin musi bezpo\u015brednio \u0142\u0105czy\u0107 si\u0119 z Twoj\u0105 sesj\u0105 zdj\u0119ciow\u0105. Wybierz bloki zaraz przed lub po godzinie wybranej na zdj\u0119cia,\u00a0<strong>dla opcji podstawowej wybierz 4, a dla pe\u0142nego makija\u017cu 6 blok\u00f3w<\/strong>. Rezerwacja jest mo\u017cliwa najp\u00f3\u017aniej na 2 godziny przed planowan\u0105 wizyt\u0105 oraz na nast\u0119pne 14 dni. Produkt wymaga potwierdzenia z naszej strony.<br \/>\nDokument sprzeda\u017cy bez VAT (podmiot zwolniony) &#8211; paragon lub Faktura<\/p>\n","protected":false},"featured_media":8631,"template":"","meta":{"_acf_changed":false,"om_disable_all_campaigns":false,"_monsterinsights_skip_tracking":false,"_monsterinsights_sitenote_active":false,"_monsterinsights_sitenote_note":"","_monsterinsights_sitenote_category":0,"pgc_sgb_lightbox_settings":""},"product_cat":[47,64,81],"product_tag":[],"class_list":{"0":"post-8628","1":"product","2":"type-product","3":"status-publish","4":"has-post-thumbnail","6":"product_cat-fotografia-biznesowa","7":"product_cat-fotografia-rodzinna","8":"product_cat-wizaz","10":"first","11":"instock","12":"virtual","13":"purchasable","14":"product-type-phive_booking"},"acf":[],"aioseo_notices":[],"post_mailing_queue_ids":[],"_links":{"self":[{"href":"https:\/\/emhara.pl\/sklep\/wp-json\/wp\/v2\/product\/8628"}],"collection":[{"href":"https:\/\/emhara.pl\/sklep\/wp-json\/wp\/v2\/product"}],"about":[{"href":"https:\/\/emhara.pl\/sklep\/wp-json\/wp\/v2\/types\/product"}],"wp:featuredmedia":[{"embeddable":true,"href":"https:\/\/emhara.pl\/sklep\/wp-json\/wp\/v2\/media\/8631"}],"wp:attachment":[{"href":"https:\/\/emhara.pl\/sklep\/wp-json\/wp\/v2\/media?parent=8628"}],"wp:term":[{"taxonomy":"product_cat","embeddable":true,"href":"https:\/\/emhara.pl\/sklep\/wp-json\/wp\/v2\/product_cat?post=8628"},{"taxonomy":"product_tag","embeddable":true,"href":"https:\/\/emhara.pl\/sklep\/wp-json\/wp\/v2\/product_tag?post=8628"}],"curies":[{"name":"wp","href":"https:\/\/api.w.org\/{rel}","templated":true}]}}