{"id":845,"date":"2020-01-25T14:44:14","date_gmt":"2020-01-25T13:44:14","guid":{"rendered":"https:\/\/sklep.emhara.pl\/?post_type=product&#038;p=845"},"modified":"2025-08-25T16:27:08","modified_gmt":"2025-08-25T14:27:08","slug":"portret-biznesowy","status":"publish","type":"product","link":"https:\/\/emhara.pl\/sklep\/produkt\/portret-biznesowy\/","title":{"rendered":"Portret Biznesowy"},"content":{"rendered":"<h2>Portret Biznesowy<\/h2>\n<p>Fotografowanie trwa do\u00a0<strong>30 minut<\/strong> \u00a0\u2013 ka\u017cde wybrane i\u00a0wyretuszowane uj\u0119cie kosztuje<strong> 180 z\u0142<\/strong>\u00a0\u2013 cena bazowa. <strong>Podczas Sesji Portretowej<\/strong> jest mo\u017cliwo\u015b\u0107 zmiany detalu garderoby. Stosujemy r\u00f3\u017cne style\u00a0o\u015bwietlenia, zdj\u0119cia robimy na jednym wybranym tle. Specyfikacja:<\/p>\n<ul>\n<li>precyzyjny retusz 1 zdj\u0119cia<\/li>\n<li>fotografowanie do 30 minut<\/li>\n<li>portret<\/li>\n<li>t\u0142o do wyboru: bia\u0142e, szare, czarne, niebieskie lub br\u0105zowe<\/li>\n<li>pliki w wysokiej rozdzielczo\u015bci do 6000&#215;4000 pikseli przy 300 dpi<\/li>\n<li>pliki dostosowane do publikacji w internecie do 1500&#215;1000 pikseli przy 300 dpi<\/li>\n<li>format\u00a0JPEG<\/li>\n<li>link do pobrania zdj\u0119\u0107 z serwera<\/li>\n<li>standardowy czas oczekiwania na zdj\u0119cia 2-4 dni robocze<\/li>\n<li>us\u0142uga ekspres (pliki dost\u0119pne w 24h) plus 50% ceny<\/li>\n<li>miejsce wykonania zdj\u0119\u0107: ul. Nowogrodzka 20\/6, 00-511 Warszawa<\/li>\n<li style=\"list-style-type: none;\">\n<ul>\n<li style=\"list-style-type: none;\">\n<ul>\n<li style=\"list-style-type: none;\"><\/li>\n<\/ul>\n<\/li>\n<\/ul>\n<\/li>\n<\/ul>\n<p style=\"text-align: justify;\">Osoby dbaj\u0105ce o rozw\u00f3j swojej kariery, tacy jak w\u0142a\u015bciciele firm, pracownicy korporacji czy politycy, powinni mie\u0107 wykonany portret biznesowy, kt\u00f3ry podkre\u015bli ich osobowo\u015b\u0107 i nawi\u0105\u017ce do rodzaju bran\u017cy, w kt\u00f3rej pracuj\u0105. Zdj\u0119cie udost\u0119pniane w sieci, artykule prasowym czy na plakacie wyborczym, powinno by\u0107 wykonane przez profesjonalnego fotografa, kt\u00f3ry zaproponuje najlepsze rozwi\u0105zania. Portret Biznesowy znakomicie sprawdzi si\u0119 r\u00f3wnie\u017c jako zdj\u0119cie do CV.<\/p>\n<p style=\"text-align: justify;\">Ile kosztuje portret biznesowy? W naszym studio fotograficznym, w kt\u00f3rym wykonanie takiego zdj\u0119cia, mo\u017cna zarezerwowa\u0107 poprzez stron\u0119, cena bazowa wynosi 120 z\u0142. Jest to koszt ka\u017cdego wybranego i wyretuszowanego uj\u0119cia. Nasze us\u0142ugi obejmuj\u0105 wykonanie profesjonalnego zdj\u0119cia, wobec kt\u00f3rego nikt nie pozostanie oboj\u0119tnym. Wykonamy fachowo ka\u017cdy portret biznesowy. Warszawa jest miastem, gdzie mie\u015bci si\u0119 nasze studio.<\/p>\n<p style=\"text-align: justify;\">Je\u017celi interesuje ci\u0119 portret biznesowy w Warszawie sprawd\u017a nasz cennik. Wysoka jako\u015b\u0107 us\u0142ugi, fachowe doradztwo i przyjazna atmosfera to atuty przedstawionej oferty.<\/p>\n","protected":false},"excerpt":{"rendered":"<p><strong>Portret Biznesowy, sesja trwaj\u0105ca do 30 minut, 1 wybrane i wyretuszowane uj\u0119cie, kadr portretowy.<br \/>\nWybierz termin z kalendarza poni\u017cej.\u00a0<\/strong>System automatycznie zaznaczy w kalendarzu wymagan\u0105 ilo\u015b\u0107 blok\u00f3w. Rezerwacja jest mo\u017cliwa najp\u00f3\u017aniej na 30 minut przed planowan\u0105 wizyt\u0105 oraz na nast\u0119pne 14 dni.<\/p>\n<p><a title=\"Prezent Fotografia Biznesowa\" href=\"https:\/\/emhara.pl\/sklep\/produkt\/prezent-fotografia-biznesowa\/\">Mo\u017cesz tak\u017ce kupi\u0107 na prezent.<\/a><\/p>\n","protected":false},"featured_media":63,"template":"","meta":{"_acf_changed":false,"om_disable_all_campaigns":false,"_monsterinsights_skip_tracking":false,"_monsterinsights_sitenote_active":false,"_monsterinsights_sitenote_note":"","_monsterinsights_sitenote_category":0,"pgc_sgb_lightbox_settings":""},"product_cat":[47],"product_tag":[63],"class_list":{"0":"post-845","1":"product","2":"type-product","3":"status-publish","4":"has-post-thumbnail","6":"product_cat-fotografia-biznesowa","7":"product_tag-best","9":"first","10":"instock","11":"featured","12":"virtual","13":"purchasable","14":"product-type-phive_booking"},"acf":[],"aioseo_notices":[],"post_mailing_queue_ids":[],"_links":{"self":[{"href":"https:\/\/emhara.pl\/sklep\/wp-json\/wp\/v2\/product\/845"}],"collection":[{"href":"https:\/\/emhara.pl\/sklep\/wp-json\/wp\/v2\/product"}],"about":[{"href":"https:\/\/emhara.pl\/sklep\/wp-json\/wp\/v2\/types\/product"}],"wp:featuredmedia":[{"embeddable":true,"href":"https:\/\/emhara.pl\/sklep\/wp-json\/wp\/v2\/media\/63"}],"wp:attachment":[{"href":"https:\/\/emhara.pl\/sklep\/wp-json\/wp\/v2\/media?parent=845"}],"wp:term":[{"taxonomy":"product_cat","embeddable":true,"href":"https:\/\/emhara.pl\/sklep\/wp-json\/wp\/v2\/product_cat?post=845"},{"taxonomy":"product_tag","embeddable":true,"href":"https:\/\/emhara.pl\/sklep\/wp-json\/wp\/v2\/product_tag?post=845"}],"curies":[{"name":"wp","href":"https:\/\/api.w.org\/{rel}","templated":true}]}}