{"id":844,"date":"2020-01-25T14:42:17","date_gmt":"2020-01-25T13:42:17","guid":{"rendered":"https:\/\/sklep.emhara.pl\/?post_type=product&#038;p=844"},"modified":"2025-08-26T13:05:41","modified_gmt":"2025-08-26T11:05:41","slug":"zdjecie-do-dokumentow-biometryczne-na-wprost","status":"publish","type":"product","link":"https:\/\/emhara.pl\/sklep\/produkt\/zdjecie-do-dokumentow-biometryczne-na-wprost\/","title":{"rendered":"Zdj\u0119cie do dokument\u00f3w biometryczne na wprost"},"content":{"rendered":"<h2>Zdj\u0119cie do dokument\u00f3w biometryczne na wprost<\/h2>\n<p>Fotografia spe\u0142nia wymogi zdj\u0119\u0107 biometrycznych (na wprost) najcz\u0119stsze zastosowanie to:<\/p>\n<ul>\n<li>dow\u00f3d osobisty<\/li>\n<li>paszport<\/li>\n<li>prawo jazdy<\/li>\n<li>legitymacja<\/li>\n<li>wiza (ka\u017cda)<\/li>\n<li>karta pobytu<\/li>\n<li>green card USA<\/li>\n<li>wiza USA<\/li>\n<li>karta miejska<\/li>\n<li>identyfikator<\/li>\n<li>prawo wykonywania zawodu<\/li>\n<\/ul>\n<p>Na zdj\u0119ciu biometrycznym \u00a0musi by\u0107 widoczny ca\u0142y owal twarzy do linii uszu, natomiast same uszy nie musz\u0105 by\u0107 widoczne. W\u0142osy mog\u0105 by\u0107 u\u0142o\u017cone w dowolny spos\u00f3b (do przodu, do ty\u0142u, na bok) wa\u017cne, aby nie dotyka\u0142y brwi ani nie zas\u0142ania\u0142y owalu twarzy. Aby fryzura zmie\u015bci\u0142a si\u0119 w kadrze zalecamy raczej g\u0142adkie uczesanie. Wyraz twarzy na zdj\u0119ciu powinien by\u0107 naturalny co znaczy, \u017ce mo\u017cna si\u0119 delikatnie u\u015bmiecha\u0107 i nie trzeba mie\u0107 ani smutnej, ani bardzo powa\u017cnej miny. Wa\u017cne, aby ekspresja na twarzy nie by\u0142a zbyt mocna, usta powinny by\u0107 zamkni\u0119te. Zalecamy zrobienie zdj\u0119cia bez okular\u00f3w korekcyjnych mimo, i\u017c teoretycznie jest to dozwolone. W praktyce okulary mog\u0105 powodowa\u0107 problemy z identyfikacj\u0105 osoby oraz podczas sk\u0142adania wniosku w urz\u0119dzie. Obecnie zdj\u0119cia do dokument\u00f3w, takich jak: dow\u00f3d osobisty, paszport, prawo jazdy robione s\u0105 wed\u0142ug tym samych wymog\u00f3w i niczym si\u0119 mi\u0119dzy sob\u0105 nie r\u00f3\u017cni\u0105. Wymieniaj\u0105c wszystkie dokumenty mo\u017cesz pos\u0142u\u017cy\u0107 si\u0119 tym samym zdj\u0119ciem, kt\u00f3re drukujemy w 6 kopiach.<\/p>\n<p>Masz mo\u017cliwo\u015b\u0107 wyboru najlepszego uj\u0119cia, nast\u0119pnie przygotowujemy zdj\u0119cie, wysy\u0142amy na wskazany adres e-mail. Mo\u017cemy je te\u017c wydrukowa\u0107 na miejscu. Wszystko trwa kilkana\u015bcie minut.<\/p>\n<p>Specyfikacja:<\/p>\n<ul>\n<li>na zdj\u0119cia czekasz 5 do 15 minut<\/li>\n<li>retusz podstawowy polega na korekcji kolor\u00f3w i delikatnym wyg\u0142adzeniu sk\u00f3ry<\/li>\n<li>retusz zaawansowany polega na korekcji kolor\u00f3w, wyg\u0142adzeniu sk\u00f3ry, usuni\u0119ciu najbardziej widocznych niedoskona\u0142o\u015bci, zmian sk\u00f3rnych, odstaj\u0105cych w\u0142os\u00f3w, itp.<\/li>\n<li>pliki przekazujemy w formie skompresowanej do 3500&#215;2330 pikseli przy 300 dpi i przygotowane wed\u0142ug wymog\u00f3w urz\u0119du, uczelni, itp.<\/li>\n<li>pliki wysy\u0142amy na maila<\/li>\n<li>miejsce wykonania zdj\u0119\u0107 do dokument\u00f3w: ul. Nowogrodzka 20\/6, 00-511 Warszawa<\/li>\n<\/ul>\n<p>Koszt wydruk\u00f3w:<\/p>\n<ul>\n<li>pierwszy 3,5&#215;4,5 cm &#8211; 6 szt. &#8211; 10 z\u0142<\/li>\n<li>kolejny 3,5&#215;4,5 cm &#8211; 6 szt. &#8211; 10 z\u0142<br \/>\nlub<\/li>\n<li>pierwszy 5&#215;5 cm &#8211; 6 szt. &#8211; 10 z\u0142<\/li>\n<li>kolejny 5&#215;5 cm &#8211; 6 szt. &#8211; 10 z\u0142<\/li>\n<li>pierwszy dowolny rozmiar na kartce 10&#215;15 cm &#8211; 10 z\u0142<\/li>\n<li>kolejny dowolny rozmiar na kartce 10&#215;15 cm &#8211; 10 z\u0142<\/li>\n<li>kolejny wydruk ze zmian\u0105 formatu &#8211; 20 z\u0142<\/li>\n<li style=\"list-style-type: none;\">\n<ul>\n<li style=\"list-style-type: none;\"><\/li>\n<\/ul>\n<\/li>\n<\/ul>\n","protected":false},"excerpt":{"rendered":"<p><strong>Wybierz termin z kalendarza poni\u017cej na zdj\u0119cie do dokument\u00f3w biometryczne.\u00a0<\/strong>System automatycznie zaznaczy wymagan\u0105 ilo\u015b\u0107 blok\u00f3w (2 bloki = 20 minut, dwa bloki nast\u0119puj\u0105ce po sobie). Rezerwacja jest mo\u017cliwa najp\u00f3\u017aniej na 10 minut przed planowan\u0105 wizyt\u0105 oraz na nast\u0119pne 14 dni. Zdj\u0119cia do dokument\u00f3w wykonujemy w Centrum Warszawy przy ulicy Nowogrodzkiej 20\/6.<\/p>\n","protected":false},"featured_media":1066,"template":"","meta":{"_acf_changed":false,"om_disable_all_campaigns":false,"_monsterinsights_skip_tracking":false,"_monsterinsights_sitenote_active":false,"_monsterinsights_sitenote_note":"","_monsterinsights_sitenote_category":0,"pgc_sgb_lightbox_settings":""},"product_cat":[50],"product_tag":[63],"class_list":{"0":"post-844","1":"product","2":"type-product","3":"status-publish","4":"has-post-thumbnail","6":"product_cat-zdjecia-do-dokumentow","7":"product_tag-best","9":"first","10":"instock","11":"virtual","12":"purchasable","13":"product-type-phive_booking"},"acf":[],"aioseo_notices":[],"post_mailing_queue_ids":[],"_links":{"self":[{"href":"https:\/\/emhara.pl\/sklep\/wp-json\/wp\/v2\/product\/844"}],"collection":[{"href":"https:\/\/emhara.pl\/sklep\/wp-json\/wp\/v2\/product"}],"about":[{"href":"https:\/\/emhara.pl\/sklep\/wp-json\/wp\/v2\/types\/product"}],"wp:featuredmedia":[{"embeddable":true,"href":"https:\/\/emhara.pl\/sklep\/wp-json\/wp\/v2\/media\/1066"}],"wp:attachment":[{"href":"https:\/\/emhara.pl\/sklep\/wp-json\/wp\/v2\/media?parent=844"}],"wp:term":[{"taxonomy":"product_cat","embeddable":true,"href":"https:\/\/emhara.pl\/sklep\/wp-json\/wp\/v2\/product_cat?post=844"},{"taxonomy":"product_tag","embeddable":true,"href":"https:\/\/emhara.pl\/sklep\/wp-json\/wp\/v2\/product_tag?post=844"}],"curies":[{"name":"wp","href":"https:\/\/api.w.org\/{rel}","templated":true}]}}