{"id":8359,"date":"2020-10-16T22:19:35","date_gmt":"2020-10-16T20:19:35","guid":{"rendered":"https:\/\/sklep.emhara.pl\/?post_type=product&#038;p=8359"},"modified":"2023-01-31T23:27:00","modified_gmt":"2023-01-31T22:27:00","slug":"sesja-osobista","status":"publish","type":"product","link":"https:\/\/emhara.pl\/sklep\/produkt\/sesja-osobista\/","title":{"rendered":"Sesja Osobista"},"content":{"rendered":"<p>Do studia zapraszamy Ci\u0119 na\u00a0<strong>2,5 godziny, <\/strong>z czego fotografowanie trwa do <strong>2 godzin<\/strong>, a pozosta\u0142y czas mo\u017cesz po\u015bwi\u0119ci\u0107 na przygotowania do sesji, pomo\u017ce Ci osoba profesjonalnie zajmuj\u0105ca si\u0119 <strong>wiza\u017cem i u\u0142o\u017ceniem w\u0142os\u00f3w<\/strong>. W pakiecie otrzymujesz pi\u0119\u0107 wyretuszowanych plik\u00f3w,\u00a0oraz wszystkie dobre zdj\u0119cia po delikatnej obr\u00f3bce.<br \/>\n<strong>Koszt Sesji to<\/strong>\u00a0<strong>1300 z\u0142 <\/strong>(cena bazowa)<\/p>\n<p>Specyfikacja:<\/p>\n<ul>\n<li>precyzyjny retusz 5 zdj\u0119\u0107 jednej osoby<\/li>\n<li>wszystkie dobre zdj\u0119cia po obr\u00f3bce technicznej<\/li>\n<li>fotografowanie do 2 godzin<\/li>\n<li>przygotowanie do 30 minut<\/li>\n<li>t\u0142o do wyboru: bia\u0142e, szare, czarne, niebieskie lub br\u0105zowe<\/li>\n<li>w postprodukcji przygotowujemy pliki w r\u00f3\u017cnych wersjach kadrowania<\/li>\n<li>pliki w rozmiarze do 6000&#215;4000 pikseli przy 300 dpi oraz zmniejszone<\/li>\n<li>format\u00a0JPEG<\/li>\n<li>link do pobrania z serwera<\/li>\n<li>czas oczekiwania na zdj\u0119cia 5-7 dni roboczych<\/li>\n<li>jedno gotowe zdj\u0119cie dost\u0119pne w 48 godzin<\/li>\n<li>us\u0142uga ekspres (pliki dost\u0119pne w ci\u0105gu jednego, dw\u00f3ch dni roboczych) plus 50% ceny<\/li>\n<li>miejsce wykonania zdj\u0119\u0107: ul. Nowogrodzka 20\/6, 00-511 Warszawa,<\/li>\n<li style=\"list-style-type: none;\">\n<ul>\n<li style=\"list-style-type: none;\"><\/li>\n<\/ul>\n<\/li>\n<\/ul>\n","protected":false},"excerpt":{"rendered":"<p><strong>Wybierz termin z kalendarza poni\u017cej.\u00a0<\/strong>System automatycznie zaznaczy wymagan\u0105 ilo\u015b\u0107 blok\u00f3w. Rezerwacja jest mo\u017cliwa najp\u00f3\u017aniej na 24 godziny przed planowan\u0105 wizyt\u0105 oraz na nast\u0119pne dni. Rezerwacja wymaga zatwierdzenia.<\/p>\n<p><a href=\"https:\/\/emhara.pl\/sklep\/produkt\/prezent-sesja-osobista\/\">Mo\u017cesz tak\u017ce kupi\u0107 na prezent<\/a><\/p>\n","protected":false},"featured_media":8759,"template":"","meta":{"_acf_changed":false,"om_disable_all_campaigns":false,"_monsterinsights_skip_tracking":false,"_monsterinsights_sitenote_active":false,"_monsterinsights_sitenote_note":"","_monsterinsights_sitenote_category":0,"pgc_sgb_lightbox_settings":""},"product_cat":[64],"product_tag":[63],"class_list":{"0":"post-8359","1":"product","2":"type-product","3":"status-publish","4":"has-post-thumbnail","6":"product_cat-fotografia-rodzinna","7":"product_tag-best","9":"first","10":"instock","11":"featured","12":"virtual","13":"purchasable","14":"product-type-phive_booking"},"acf":[],"aioseo_notices":[],"post_mailing_queue_ids":[],"_links":{"self":[{"href":"https:\/\/emhara.pl\/sklep\/wp-json\/wp\/v2\/product\/8359"}],"collection":[{"href":"https:\/\/emhara.pl\/sklep\/wp-json\/wp\/v2\/product"}],"about":[{"href":"https:\/\/emhara.pl\/sklep\/wp-json\/wp\/v2\/types\/product"}],"wp:featuredmedia":[{"embeddable":true,"href":"https:\/\/emhara.pl\/sklep\/wp-json\/wp\/v2\/media\/8759"}],"wp:attachment":[{"href":"https:\/\/emhara.pl\/sklep\/wp-json\/wp\/v2\/media?parent=8359"}],"wp:term":[{"taxonomy":"product_cat","embeddable":true,"href":"https:\/\/emhara.pl\/sklep\/wp-json\/wp\/v2\/product_cat?post=8359"},{"taxonomy":"product_tag","embeddable":true,"href":"https:\/\/emhara.pl\/sklep\/wp-json\/wp\/v2\/product_tag?post=8359"}],"curies":[{"name":"wp","href":"https:\/\/api.w.org\/{rel}","templated":true}]}}