{"id":8263,"date":"2020-10-12T18:33:01","date_gmt":"2020-10-12T16:33:01","guid":{"rendered":"https:\/\/sklep.emhara.pl\/?post_type=product&#038;p=8263"},"modified":"2022-11-17T13:26:25","modified_gmt":"2022-11-17T12:26:25","slug":"sesja-rodzinna-w-studio","status":"publish","type":"product","link":"https:\/\/emhara.pl\/sklep\/produkt\/sesja-rodzinna-w-studio\/","title":{"rendered":"Sesja Rodzinna w Studio"},"content":{"rendered":"<p>Fotografowanie trwa do <strong>1\u00a0godziny.<\/strong> Pakiet zawiera 10 plik\u00f3w po delikatnym retuszu oraz odbitki 15&#215;20 cm. Podczas sesji jest mo\u017cliwo\u015b\u0107 przebrania si\u0119, zdj\u0119cia robimy w r\u00f3\u017cnych stylach o\u015bwietlenia i na r\u00f3\u017cnych t\u0142ach.<\/p>\n<p>Specyfikacja:<\/p>\n<ul>\n<li>podstawowy retusz 10 zdj\u0119\u0107<\/li>\n<li>fotografowanie do 1 godziny<\/li>\n<li>pliki w wysokiej rozdzielczo\u015bci oraz dostosowane do publikacji w internecie (r\u00f3\u017cne sposoby\u00a0kadrowania i kompresji)<\/li>\n<li>pliki w rozmiarze do 6000&#215;4000 pikseli przy 300 dpi oraz zmniejszone<\/li>\n<li>format\u00a0JPEG<\/li>\n<li>link do pobrania z serwera<\/li>\n<li>czas oczekiwania na zdj\u0119cia 5-7 dni roboczych<\/li>\n<li>us\u0142uga ekspres (pliki dost\u0119pne w ci\u0105gu jednego, dw\u00f3ch dni roboczych) plus 50% ceny<\/li>\n<li>miejsce wykonania zdj\u0119\u0107: ul. Nowogrodzka 20\/6, 00-511 Warszawa,<\/li>\n<li style=\"list-style-type: none;\">\n<ul>\n<li style=\"list-style-type: none;\"><\/li>\n<\/ul>\n<\/li>\n<\/ul>\n<p style=\"text-align: justify;\">Fotografie rodzinne wykonuje si\u0119 z bardzo wielu okazji. Zdj\u0119cia z wa\u017cnych uroczysto\u015bci, \u015bwi\u0105t, z wakacji czy nawet ze spaceru z rodzin\u0105 s\u0105 mi\u0142\u0105 pami\u0105tk\u0105. Zatrzymane w kadrze chwile s\u0105 okazj\u0119 do wspomnie\u0144. Dlatego warto upami\u0119tnia\u0107 chwile sp\u0119dzane ze swoimi najbli\u017cszymi, a znakomit\u0105 ku temu okazj\u0105 jest rezerwacja sesji rodzinnej w studio fotograficznym. Dzi\u0119ki pracy profesjonalnych fotograf\u00f3w mo\u017cna liczy\u0107 na niepowtarzalne uj\u0119cia, kt\u00f3re b\u0119d\u0105 reprezentacyjn\u0105 pami\u0105tk\u0105 ka\u017cdego albumu rodzinnego.<\/p>\n<p style=\"text-align: justify;\">Oferujemy atrakcyjn\u0105 i dogodn\u0105 us\u0142ug\u0119, kt\u00f3rej wykonanie umo\u017cliwia rezerwacja sesji rodzinnej na naszej stronie. Nasze studio mie\u015bci si\u0119 w Warszawie, gdzie mo\u017cna wykona\u0107 zdj\u0119cia o niepowtarzalnym charakterze. Termin mo\u017cna wybra\u0107 wygodnie z naszego kalendarza i dzi\u0119ki temu zaoszcz\u0119dzi\u0107 cenny czas. To bardzo du\u017ce udogodnienie, poniewa\u017c wystarczy przyby\u0107 w wyznaczonym przez siebie terminie do studio, a tam ju\u017c b\u0119dzie czeka\u0142 nasz zesp\u00f3\u0142 profesjonalnych fotograf\u00f3w.<\/p>\n<p style=\"text-align: justify;\">Rezerwacja sesji rodzinnej w studio (Warszawa) to ju\u017c tylko krok od wykonania zdj\u0119\u0107 w komfortowych warunkach. Sesja trwa zaledwie godzin\u0119 i jest wykonywania przy r\u00f3\u017cnych rodzajach o\u015bwietlenia i na dobranych specjalnie t\u0142ach. W pakiecie znajduje si\u0119 a\u017c 10 profesjonalnie przygotowanych plik\u00f3w. Zdj\u0119cia przesy\u0142amy w ci\u0105gu 5-7 dni roboczych lub mo\u017cna wybra\u0107 us\u0142ug\u0119 ekspresow\u0105, gdzie pliki dost\u0119pne b\u0119d\u0105 ju\u017c w ci\u0105gu 1-2 dni roboczych.<\/p>\n<p>&nbsp;<\/p>\n","protected":false},"excerpt":{"rendered":"<p><strong>Wybierz termin z kalendarza poni\u017cej dla swojej sesji rodzinnej.\u00a0<\/strong>System automatycznie zaznaczy wymagan\u0105 ilo\u015b\u0107 blok\u00f3w. Rezerwacja jest mo\u017cliwa najp\u00f3\u017aniej na 24 godziny przed planowan\u0105 wizyt\u0105.<\/p>\n","protected":false},"featured_media":8257,"template":"","meta":{"_acf_changed":false,"om_disable_all_campaigns":false,"_monsterinsights_skip_tracking":false,"_monsterinsights_sitenote_active":false,"_monsterinsights_sitenote_note":"","_monsterinsights_sitenote_category":0,"pgc_sgb_lightbox_settings":""},"product_cat":[64],"product_tag":[63],"class_list":{"0":"post-8263","1":"product","2":"type-product","3":"status-publish","4":"has-post-thumbnail","6":"product_cat-fotografia-rodzinna","7":"product_tag-best","9":"first","10":"instock","11":"featured","12":"virtual","13":"purchasable","14":"product-type-phive_booking"},"acf":[],"aioseo_notices":[],"post_mailing_queue_ids":[],"_links":{"self":[{"href":"https:\/\/emhara.pl\/sklep\/wp-json\/wp\/v2\/product\/8263"}],"collection":[{"href":"https:\/\/emhara.pl\/sklep\/wp-json\/wp\/v2\/product"}],"about":[{"href":"https:\/\/emhara.pl\/sklep\/wp-json\/wp\/v2\/types\/product"}],"wp:featuredmedia":[{"embeddable":true,"href":"https:\/\/emhara.pl\/sklep\/wp-json\/wp\/v2\/media\/8257"}],"wp:attachment":[{"href":"https:\/\/emhara.pl\/sklep\/wp-json\/wp\/v2\/media?parent=8263"}],"wp:term":[{"taxonomy":"product_cat","embeddable":true,"href":"https:\/\/emhara.pl\/sklep\/wp-json\/wp\/v2\/product_cat?post=8263"},{"taxonomy":"product_tag","embeddable":true,"href":"https:\/\/emhara.pl\/sklep\/wp-json\/wp\/v2\/product_tag?post=8263"}],"curies":[{"name":"wp","href":"https:\/\/api.w.org\/{rel}","templated":true}]}}