{"id":7992,"date":"2020-10-04T22:44:01","date_gmt":"2020-10-04T20:44:01","guid":{"rendered":"https:\/\/sklep.emhara.pl\/?post_type=product&#038;p=7992"},"modified":"2024-12-14T11:24:52","modified_gmt":"2024-12-14T10:24:52","slug":"sesja-swiateczna-studio","status":"publish","type":"product","link":"https:\/\/emhara.pl\/sklep\/produkt\/sesja-swiateczna-studio\/","title":{"rendered":"Sesja \u015awi\u0105teczna w Studio"},"content":{"rendered":"<p>Fotografowanie trwa do <strong>1\u00a0godziny.<\/strong> Pakiet zawiera 10 delikatnie wyretuszowanych plik\u00f3w oraz odbitki 15&#215;20 cm. Podczas sesji jest mo\u017cliwo\u015b\u0107 przebrania si\u0119, zdj\u0119cia robimy w r\u00f3\u017cnych stylach o\u015bwietlenia i na r\u00f3\u017cnych t\u0142ach.<\/p>\n<p>Specyfikacja:<\/p>\n<ul>\n<li>podstawowy retusz 10 zdj\u0119\u0107<\/li>\n<li>fotografowanie do 1 godziny<\/li>\n<li>pliki w wysokiej rozdzielczo\u015bci oraz dostosowane do publikacji w internecie (r\u00f3\u017cne sposoby\u00a0kadrowania i kompresji)<\/li>\n<li>pliki w rozmiarze do 6000&#215;4000 pikseli przy 300 dpi oraz zmniejszone<\/li>\n<li>format\u00a0JPEG<\/li>\n<li>link do pobrania z serwera<\/li>\n<li>czas oczekiwania na zdj\u0119cia 5-7 dni roboczych<\/li>\n<li>us\u0142uga ekspres (pliki dost\u0119pne w ci\u0105gu jednego, dw\u00f3ch dni roboczych) plus 50% ceny<\/li>\n<li>miejsce wykonania zdj\u0119\u0107: ul. Nowogrodzka 20\/6, 00-511 Warszawa,<\/li>\n<li style=\"list-style-type: none;\">\n<ul>\n<li style=\"list-style-type: none;\"><\/li>\n<\/ul>\n<\/li>\n<\/ul>\n<p style=\"text-align: justify;\">\u015awi\u0119ta Bo\u017cego Narodzenia to szczeg\u00f3lny czas, kiedy obdarowujemy swoich bliskich pi\u0119knymi prezentami. Rodzinna sesja \u015bwi\u0105teczna to bardzo dobry pomys\u0142 na atrakcyjny i oryginalny prezent, kt\u00f3ry na pewno nie p\u00f3jdzie w zapomnienie, a znajdzie honorowe miejsce w albumie rodzinnym. Taki upominek na pewno sprawi rado\u015b\u0107 najbli\u017cszym osobom i b\u0119dzie niezapomnian\u0105 pami\u0105tk\u0105 na wiele lat.<\/p>\n<p style=\"text-align: justify;\">Nasze studio fotograficzne oferuje swoim klientom fachowe i rzetelne us\u0142ugi, a umo\u017cliwi je rezerwacja terminu na sesj\u0119 zdj\u0119ciow\u0105 w Warszawie. Wykonujemy r\u00f3\u017cne rodzaje zdj\u0119\u0107, w tym atrakcyjn\u0105 us\u0142ug\u0119, jak\u0105 jest \u015bwi\u0105teczna sesja zdj\u0119ciowa. Nasz zesp\u00f3\u0142 profesjonalnych fotograf\u00f3w ma do dyspozycji najlepszy, zaawansowany technologicznie sprz\u0119t, dzi\u0119ki kt\u00f3remu wykona pi\u0119kne i wyra\u017ane uj\u0119cia o niepowtarzalnym charakterze.<\/p>\n<p style=\"text-align: justify;\">Rezerwacja w studio fotograficznym jest bardzo wygodna, poniewa\u017c wystarczy tylko zaznaczy\u0107 w kalendarzu dogodny termin. Sesja \u015bwi\u0105teczna rodzinna odbywa si\u0119 sprawnie i fachowo, a przede wszystkim w dobrej atmosferze. W pakiecie znajduje si\u0119 10 plik\u00f3w z delikatnym retuszem o wysokiej rozdzielczo\u015bci. Mo\u017cna je odebra\u0107 w ci\u0105gu 5-7 dni roboczych lub zam\u00f3wi\u0107 us\u0142ug\u0119 ekspresow\u0105.<\/p>\n<p style=\"text-align: justify;\">Nasze kameralne studio w centrum Warszawy to doskona\u0142e miejsce na wykonanie niepowtarzalnej sesji zdj\u0119ciowej. Dyskretne i minimalistyczne dekoracje \u015bwi\u0105teczne, r\u00f3\u017cne t\u0142a i zmienne style o\u015bwietlenia to bardzo atrakcyjne atuty, kt\u00f3re warto wykorzysta\u0107 i zrobi\u0107 swoim najbli\u017cszym oryginalny i warto\u015bciowy prezent.<br \/>\nTaka sesja zdj\u0119ciowa to \u015bwietny pomys\u0142 na zaskoczenie ukochanych os\u00f3b mi\u0142\u0105 niespodziank\u0105.<\/p>\n<p>&nbsp;<\/p>\n","protected":false},"excerpt":{"rendered":"<p><strong>Wybierz termin z kalendarza poni\u017cej dla swojej sesji \u015bwi\u0105tecznej.\u00a0<\/strong>System automatycznie zaznaczy wymagan\u0105 ilo\u015b\u0107 blok\u00f3w. Rezerwacja jest mo\u017cliwa najp\u00f3\u017aniej na 24 godziny przed planowan\u0105 wizyt\u0105.<\/p>\n","protected":false},"featured_media":8010,"template":"","meta":{"_acf_changed":false,"om_disable_all_campaigns":false,"_monsterinsights_skip_tracking":false,"_monsterinsights_sitenote_active":false,"_monsterinsights_sitenote_note":"","_monsterinsights_sitenote_category":0,"pgc_sgb_lightbox_settings":""},"product_cat":[64],"product_tag":[],"class_list":{"0":"post-7992","1":"product","2":"type-product","3":"status-publish","4":"has-post-thumbnail","6":"product_cat-fotografia-rodzinna","8":"first","9":"instock","10":"featured","11":"virtual","12":"purchasable","13":"product-type-phive_booking"},"acf":[],"aioseo_notices":[],"post_mailing_queue_ids":[],"_links":{"self":[{"href":"https:\/\/emhara.pl\/sklep\/wp-json\/wp\/v2\/product\/7992"}],"collection":[{"href":"https:\/\/emhara.pl\/sklep\/wp-json\/wp\/v2\/product"}],"about":[{"href":"https:\/\/emhara.pl\/sklep\/wp-json\/wp\/v2\/types\/product"}],"wp:featuredmedia":[{"embeddable":true,"href":"https:\/\/emhara.pl\/sklep\/wp-json\/wp\/v2\/media\/8010"}],"wp:attachment":[{"href":"https:\/\/emhara.pl\/sklep\/wp-json\/wp\/v2\/media?parent=7992"}],"wp:term":[{"taxonomy":"product_cat","embeddable":true,"href":"https:\/\/emhara.pl\/sklep\/wp-json\/wp\/v2\/product_cat?post=7992"},{"taxonomy":"product_tag","embeddable":true,"href":"https:\/\/emhara.pl\/sklep\/wp-json\/wp\/v2\/product_tag?post=7992"}],"curies":[{"name":"wp","href":"https:\/\/api.w.org\/{rel}","templated":true}]}}