{"id":37503,"date":"2025-02-23T00:01:53","date_gmt":"2025-02-22T23:01:53","guid":{"rendered":"https:\/\/emhara.pl\/sklep\/produkt\/wizaz-w-podst-copy\/"},"modified":"2025-02-24T02:10:13","modified_gmt":"2025-02-24T01:10:13","slug":"makijaz-pelny-w","status":"publish","type":"product","link":"https:\/\/emhara.pl\/sklep\/produkt\/makijaz-pelny-w\/","title":{"rendered":"Makija\u017c Pe\u0142ny"},"content":{"rendered":"<p>Wybieraj\u0105c pe\u0142ny makija\u017c mo\u017cesz przyj\u015b\u0107 do nas bez na\u0142o\u017cenia \u017cadnych kosmetyk\u00f3w.<\/p>\n<p>Makija\u017c pe\u0142ny dla Pa\u0144 obejmuje:<\/p>\n<ul>\n<li>oczyszczenie, od\u015bwie\u017cenie sk\u00f3ry twarzy i dekoltu<\/li>\n<li>zastosowanie kremu nawil\u017caj\u0105cego oraz dob\u00f3r bazy pod makija\u017c<\/li>\n<li>dob\u00f3r podk\u0142adu w celu wyr\u00f3wnania koloru cery i przykrycia niedoskona\u0142o\u015bci<\/li>\n<li>zmatowienie cery pudrem sypkim na potrzeby sesji<\/li>\n<li>modelowanie bronzerem i r\u00f3\u017c na policzki<\/li>\n<li>makija\u017c oczu i ust dostosowany do charakteru sesji i typu urody<\/li>\n<li>piel\u0119gnacj\u0119 sk\u00f3ry d\u0142oni<\/li>\n<li>delikatn\u0105 popraw\u0119 fryzury na potrzeby sesji<\/li>\n<\/ul>\n<p>Dokument sprzeda\u017cy 23% VAT &#8211; paragon lub faktura<\/p>\n","protected":false},"excerpt":{"rendered":"<p><strong>Wybierz termin z kalendarza poni\u017cej, <\/strong>najlepiej je\u015bli \u0142\u0105czy si\u0119 z Twoj\u0105 sesj\u0105 zdj\u0119ciow\u0105.<br \/>\nDokument sprzeda\u017cy 23 % VAT &#8211; paragon lub faktura<\/p>\n","protected":false},"featured_media":8631,"template":"","meta":{"_acf_changed":false,"om_disable_all_campaigns":false,"_monsterinsights_skip_tracking":false,"_monsterinsights_sitenote_active":false,"_monsterinsights_sitenote_note":"","_monsterinsights_sitenote_category":0,"pgc_sgb_lightbox_settings":""},"product_cat":[],"product_tag":[93],"class_list":{"0":"post-37503","1":"product","2":"type-product","3":"status-publish","4":"has-post-thumbnail","6":"product_tag-wyjazdowe","8":"first","9":"instock","10":"virtual","11":"purchasable","12":"product-type-phive_booking"},"acf":[],"aioseo_notices":[],"post_mailing_queue_ids":[],"_links":{"self":[{"href":"https:\/\/emhara.pl\/sklep\/wp-json\/wp\/v2\/product\/37503"}],"collection":[{"href":"https:\/\/emhara.pl\/sklep\/wp-json\/wp\/v2\/product"}],"about":[{"href":"https:\/\/emhara.pl\/sklep\/wp-json\/wp\/v2\/types\/product"}],"wp:featuredmedia":[{"embeddable":true,"href":"https:\/\/emhara.pl\/sklep\/wp-json\/wp\/v2\/media\/8631"}],"wp:attachment":[{"href":"https:\/\/emhara.pl\/sklep\/wp-json\/wp\/v2\/media?parent=37503"}],"wp:term":[{"taxonomy":"product_cat","embeddable":true,"href":"https:\/\/emhara.pl\/sklep\/wp-json\/wp\/v2\/product_cat?post=37503"},{"taxonomy":"product_tag","embeddable":true,"href":"https:\/\/emhara.pl\/sklep\/wp-json\/wp\/v2\/product_tag?post=37503"}],"curies":[{"name":"wp","href":"https:\/\/api.w.org\/{rel}","templated":true}]}}