{"id":32054,"date":"2025-02-23T00:04:30","date_gmt":"2025-02-22T23:04:30","guid":{"rendered":"https:\/\/emhara.pl\/sklep\/produkt\/sesja-biznesowa-copy\/"},"modified":"2025-02-24T15:09:06","modified_gmt":"2025-02-24T14:09:06","slug":"sesja-portretowa-wyjazdowa","status":"publish","type":"product","link":"https:\/\/emhara.pl\/sklep\/produkt\/sesja-portretowa-wyjazdowa\/","title":{"rendered":"Sesja Portretowa Wyjazdowa"},"content":{"rendered":"<p>Sesja trwa do 1<strong>0 minut<\/strong>, <strong>kadr portretowy<\/strong>, ka\u017cde wybrane i wyretuszowane uj\u0119cie jednej osoby kosztuje<strong> 160 z\u0142.<\/strong><br \/>\n<strong>Podczas Sesji <\/strong>\u00a0jest mo\u017cliwo\u015b\u0107 zmiany detalu garderoby. Stosujemy r\u00f3\u017cne style\u00a0o\u015bwietlenia, zdj\u0119cia robimy na jednym wybranym tle.<\/p>\n<p>Specyfikacja:<\/p>\n<ul>\n<li>precyzyjny retusz 1 zdj\u0119cia<\/li>\n<li>fotografowanie do 10 minut<\/li>\n<li>w postprodukcji robimy trzy pliki z jednego uj\u0119cia: portret, bliski portret, kwadrat<\/li>\n<li>t\u0142o do wyboru: bia\u0142e, szare, czarne,<\/li>\n<li>pliki w wysokiej rozdzielczo\u015bci oraz dostosowane do publikacji w internecie (r\u00f3\u017cne sposoby kadrowania i kompresji)<\/li>\n<li>pliki w rozmiarze do 6000&#215;4000 pikseli przy 300 dpi oraz zmniejszone<\/li>\n<li>format\u00a0JPEG<\/li>\n<li>link do pobrania zdj\u0119\u0107 z serwera,<\/li>\n<li>czas oczekiwania na zdj\u0119cia do 14 dni roboczych<\/li>\n<li>miejsce wykonania zdj\u0119\u0107: Hotel<\/li>\n<\/ul>\n<p>Dokument sprzeda\u017cy 23% VAT &#8211; paragon lub faktura<\/p>\n","protected":false},"excerpt":{"rendered":"<p><strong>Sesja trwaj\u0105ca do 10 minut, jedno wybrane i wyretuszowane uj\u0119cie w kadrze portretowym<br \/>\nWybierz termin z kalendarza poni\u017cej. \u00a0<\/strong>System automatycznie zaznaczy w kalendarzu wymagan\u0105 ilo\u015b\u0107 blok\u00f3w.<br \/>\nDokument sprzeda\u017cy 23% VAT &#8211; paragon lub faktura<\/p>\n","protected":false},"featured_media":32062,"template":"","meta":{"_acf_changed":false,"om_disable_all_campaigns":false,"_monsterinsights_skip_tracking":false,"_monsterinsights_sitenote_active":false,"_monsterinsights_sitenote_note":"","_monsterinsights_sitenote_category":0,"pgc_sgb_lightbox_settings":""},"product_cat":[],"product_tag":[93],"class_list":{"0":"post-32054","1":"product","2":"type-product","3":"status-publish","4":"has-post-thumbnail","6":"product_tag-wyjazdowe","8":"first","9":"instock","10":"virtual","11":"purchasable","12":"product-type-phive_booking"},"acf":[],"aioseo_notices":[],"post_mailing_queue_ids":[],"_links":{"self":[{"href":"https:\/\/emhara.pl\/sklep\/wp-json\/wp\/v2\/product\/32054"}],"collection":[{"href":"https:\/\/emhara.pl\/sklep\/wp-json\/wp\/v2\/product"}],"about":[{"href":"https:\/\/emhara.pl\/sklep\/wp-json\/wp\/v2\/types\/product"}],"wp:featuredmedia":[{"embeddable":true,"href":"https:\/\/emhara.pl\/sklep\/wp-json\/wp\/v2\/media\/32062"}],"wp:attachment":[{"href":"https:\/\/emhara.pl\/sklep\/wp-json\/wp\/v2\/media?parent=32054"}],"wp:term":[{"taxonomy":"product_cat","embeddable":true,"href":"https:\/\/emhara.pl\/sklep\/wp-json\/wp\/v2\/product_cat?post=32054"},{"taxonomy":"product_tag","embeddable":true,"href":"https:\/\/emhara.pl\/sklep\/wp-json\/wp\/v2\/product_tag?post=32054"}],"curies":[{"name":"wp","href":"https:\/\/api.w.org\/{rel}","templated":true}]}}