{"id":18665,"date":"2022-05-23T14:57:55","date_gmt":"2022-05-23T12:57:55","guid":{"rendered":"https:\/\/sklep.emhara.pl\/produkt\/prezent-sesja-osobista-copy\/"},"modified":"2023-05-05T14:50:13","modified_gmt":"2023-05-05T12:50:13","slug":"prezent-na-dzien-mamy","status":"publish","type":"product","link":"https:\/\/emhara.pl\/sklep\/produkt\/prezent-na-dzien-mamy\/","title":{"rendered":"Prezent na Dzie\u0144 Mamy"},"content":{"rendered":"<p>Karta podarunkowa na Sesj\u0119 na Dzie\u0144 Mamy<\/p>\n<p>Do studia zapraszamy Was na <strong>2,5 godziny, <\/strong>w tym czasie wykonamy wiza\u017c, doradzimy w kwestii ubioru i pocz\u0119stujemy kaw\u0105. W pakiecie otrzymacie jedno wyretuszowane zdj\u0119cie w formie elektronicznej i papierowej, oraz wszystkie dobre zdj\u0119cia po delikatnej obr\u00f3bce w formie plik\u00f3w.<\/p>\n<p>Specyfikacja:<\/p>\n<ul>\n<li>precyzyjny retusz wybranego zdj\u0119cia<\/li>\n<li>wszystkie dobre zdj\u0119cia po obr\u00f3bce technicznej<\/li>\n<li>fotografowanie do 1 godzin<\/li>\n<li>t\u0142o do wyboru: bia\u0142e, szare, czarne, niebieskie lub br\u0105zowe<\/li>\n<li>w postprodukcji przygotowujemy pliki w r\u00f3\u017cnych wersjach kadrowania<\/li>\n<li>pliki w rozmiarze do 6000&#215;4000 pikseli przy 300 dpi oraz zmniejszone<\/li>\n<li>format\u00a0JPEG<\/li>\n<li>link do pobrania z serwera<\/li>\n<li>czas oczekiwania na zdj\u0119cia 2-4 dni roboczych<\/li>\n<li>us\u0142uga ekspres (pliki w 24h) za dop\u0142at\u0105<\/li>\n<li>miejsce wykonania zdj\u0119\u0107: ul. Nowogrodzka 20\/6, 00-511 Warszawa,\n<ul>\n<li style=\"list-style-type: none;\"><\/li>\n<\/ul>\n<\/li>\n<\/ul>\n","protected":false},"excerpt":{"rendered":"<p>Wybieraj\u0105c ten produkt otrzymasz plik z kodem w formacie PDF. Osoba kt\u00f3rej przeka\u017cesz kupon b\u0119dzie mog\u0142a samodzielnie um\u00f3wi\u0107 wizyt\u0119 i zap\u0142aci\u0107 za ni\u0105 kodem.<\/p>\n","protected":false},"featured_media":18657,"template":"","meta":{"_acf_changed":false,"om_disable_all_campaigns":false,"_monsterinsights_skip_tracking":false,"_monsterinsights_sitenote_active":false,"_monsterinsights_sitenote_note":"","_monsterinsights_sitenote_category":0,"pgc_sgb_lightbox_settings":""},"product_cat":[67],"product_tag":[63],"class_list":{"0":"post-18665","1":"product","2":"type-product","3":"status-publish","4":"has-post-thumbnail","6":"product_cat-prezenty","7":"product_tag-best","9":"first","10":"instock","11":"virtual","12":"purchasable","13":"product-type-simple"},"acf":[],"aioseo_notices":[],"post_mailing_queue_ids":[],"_links":{"self":[{"href":"https:\/\/emhara.pl\/sklep\/wp-json\/wp\/v2\/product\/18665"}],"collection":[{"href":"https:\/\/emhara.pl\/sklep\/wp-json\/wp\/v2\/product"}],"about":[{"href":"https:\/\/emhara.pl\/sklep\/wp-json\/wp\/v2\/types\/product"}],"wp:featuredmedia":[{"embeddable":true,"href":"https:\/\/emhara.pl\/sklep\/wp-json\/wp\/v2\/media\/18657"}],"wp:attachment":[{"href":"https:\/\/emhara.pl\/sklep\/wp-json\/wp\/v2\/media?parent=18665"}],"wp:term":[{"taxonomy":"product_cat","embeddable":true,"href":"https:\/\/emhara.pl\/sklep\/wp-json\/wp\/v2\/product_cat?post=18665"},{"taxonomy":"product_tag","embeddable":true,"href":"https:\/\/emhara.pl\/sklep\/wp-json\/wp\/v2\/product_tag?post=18665"}],"curies":[{"name":"wp","href":"https:\/\/api.w.org\/{rel}","templated":true}]}}