{"id":1555,"date":"2020-02-03T21:42:03","date_gmt":"2020-02-03T20:42:03","guid":{"rendered":"https:\/\/sklep.emhara.pl\/?post_type=product&#038;p=1555"},"modified":"2025-08-25T16:13:13","modified_gmt":"2025-08-25T14:13:13","slug":"zdjecie-do-legitymacji","status":"publish","type":"product","link":"https:\/\/emhara.pl\/sklep\/produkt\/zdjecie-do-legitymacji\/","title":{"rendered":"Zdj\u0119cie do legitymacji"},"content":{"rendered":"<h2>Zdj\u0119cie do legitymacji<\/h2>\n<p align=\"LEFT\"><span lang=\"pl-PL\">Zdj\u0119cie legitymacyjne powinno spe\u0142nia\u0107 okre\u015blone wymogi urz\u0119dowe i by\u0107 wykonane zgodne z obowi\u0105zuj\u0105cymi wytycznymi. Ka\u017cdy, kto potrzebuje takiego zdj\u0119cie, powinien odwiedzi\u0107 studio fotograficzne, poniewa\u017c profesjonalne atelier dysponuje wszystkimi niezb\u0119dnymi narz\u0119dziami, dzi\u0119ki kt\u00f3rym sprosta stawianym wymogom.<\/span><\/p>\n<p>Na naszej stronie mo\u017cesz zrobi\u0107 rezerwacj\u0119 na wykonanie fotografii do dokument\u00f3w, takich jak m.in. zdj\u0119cie do legitymacji. Dzi\u0119ki zrobionej wcze\u015bniej rezerwacji mo\u017cesz w dogodnym dla siebie czasie wykona\u0107 takie zdj\u0119cie. Mo\u017cesz wybra\u0107 naj\u0142adniejsze uj\u0119cie, a my wydrukujemy je na miejscu lub prze\u015blemy je na e-mail.<\/p>\n<p>Wszystkie zlecenia wykonujemy zgodnie z wymogami, rzetelnie i sprawnie.<\/p>\n<ul>\n<li>na zdj\u0119cia czekasz 5 do 15 minut<\/li>\n<li>retusz podstawowy polega na korekcji kolor\u00f3w i delikatnym wyg\u0142adzeniu sk\u00f3ry<\/li>\n<li>retusz zaawansowany polega na korekcji kolor\u00f3w, wyg\u0142adzeniu sk\u00f3ry, usuni\u0119ciu najbardziej widocznych niedoskona\u0142o\u015bci, zmian sk\u00f3rnych, odstaj\u0105cych w\u0142os\u00f3w, itp.<\/li>\n<li>pliki przekazujemy w formie skompresowanej do 3500&#215;2330 pikseli przy 300 dpi i przygotowane wed\u0142ug wymog\u00f3w urz\u0119du, uczelni, itp.<\/li>\n<li>pliki wysy\u0142amy na maila<\/li>\n<li><span style=\"vertical-align: inherit;\"><span style=\"vertical-align: inherit;\"><span style=\"vertical-align: inherit;\"><span style=\"vertical-align: inherit;\">wydruk 3,5&#215;4,5 cm format &#8211; 6 sztuk<\/span><\/span><\/span><\/span><\/li>\n<li>miejsce wykonania zdj\u0119\u0107 do dokument\u00f3w: ul. Nowogrodzka 20\/6, 00-511 Warszawa<\/li>\n<li style=\"list-style-type: none;\">\n<ul>\n<li style=\"list-style-type: none;\">\n<ul>\n<li style=\"list-style-type: none;\"><\/li>\n<\/ul>\n<\/li>\n<\/ul>\n<\/li>\n<\/ul>\n<p>Koszt wydruku:<\/p>\n<ul>\n<li>pierwszy 4,5&#215;6,5 cm &#8211; 4 szt. &#8211; 10 z\u0142<\/li>\n<li>kolejny 4,5&#215;6,5 cm &#8211; 4 szt. &#8211; 10 z\u0142<\/li>\n<li>pierwszy 3,5&#215;4,5 cm &#8211; 6 szt. &#8211; 10 z\u0142<\/li>\n<li>kolejny 3,5&#215;4,5 cm &#8211; 6 szt. &#8211; 10 z\u0142<\/li>\n<li>kolejny wydruk ze zmian\u0105 formatu &#8211; 20 z\u0142<\/li>\n<li style=\"list-style-type: none;\"><\/li>\n<\/ul>\n","protected":false},"excerpt":{"rendered":"<p><strong>Wybierz termin z kalendarza poni\u017cej.\u00a0<\/strong>System automatycznie zaznaczy wymagan\u0105 ilo\u015b\u0107 blok\u00f3w (2 bloki = 20 minut, dwa bloki nast\u0119puj\u0105ce po sobie). Rezerwacja jest mo\u017cliwa najp\u00f3\u017aniej na 10 minut przed planowan\u0105 wizyt\u0105 oraz na nast\u0119pne 14 dni. Zdj\u0119cia do dokument\u00f3w wykonujemy w Centrum Warszawy przy ulicy Nowogrodzkiej 20\/6.<\/p>\n","protected":false},"featured_media":1011,"template":"","meta":{"_acf_changed":false,"om_disable_all_campaigns":false,"_monsterinsights_skip_tracking":false,"_monsterinsights_sitenote_active":false,"_monsterinsights_sitenote_note":"","_monsterinsights_sitenote_category":0,"pgc_sgb_lightbox_settings":""},"product_cat":[50],"product_tag":[],"class_list":{"0":"post-1555","1":"product","2":"type-product","3":"status-publish","4":"has-post-thumbnail","6":"product_cat-zdjecia-do-dokumentow","8":"first","9":"instock","10":"featured","11":"virtual","12":"purchasable","13":"product-type-phive_booking"},"acf":[],"aioseo_notices":[],"post_mailing_queue_ids":[],"_links":{"self":[{"href":"https:\/\/emhara.pl\/sklep\/wp-json\/wp\/v2\/product\/1555"}],"collection":[{"href":"https:\/\/emhara.pl\/sklep\/wp-json\/wp\/v2\/product"}],"about":[{"href":"https:\/\/emhara.pl\/sklep\/wp-json\/wp\/v2\/types\/product"}],"wp:featuredmedia":[{"embeddable":true,"href":"https:\/\/emhara.pl\/sklep\/wp-json\/wp\/v2\/media\/1011"}],"wp:attachment":[{"href":"https:\/\/emhara.pl\/sklep\/wp-json\/wp\/v2\/media?parent=1555"}],"wp:term":[{"taxonomy":"product_cat","embeddable":true,"href":"https:\/\/emhara.pl\/sklep\/wp-json\/wp\/v2\/product_cat?post=1555"},{"taxonomy":"product_tag","embeddable":true,"href":"https:\/\/emhara.pl\/sklep\/wp-json\/wp\/v2\/product_tag?post=1555"}],"curies":[{"name":"wp","href":"https:\/\/api.w.org\/{rel}","templated":true}]}}