{"id":15145,"date":"2021-10-09T13:43:23","date_gmt":"2021-10-09T11:43:23","guid":{"rendered":"https:\/\/sklep.emhara.pl\/produkt\/zdjecie-do-wizy-usa-copy\/"},"modified":"2025-08-25T16:11:27","modified_gmt":"2025-08-25T14:11:27","slug":"zdjecie-do-wizy-usa","status":"publish","type":"product","link":"https:\/\/emhara.pl\/sklep\/produkt\/zdjecie-do-wizy-usa\/","title":{"rendered":"Zdj\u0119cie do wizy USA"},"content":{"rendered":"<h2>Zdj\u0119cie do wizy USA<\/h2>\n<p>Specyfikacja:<\/p>\n<ul>\n<li style=\"list-style-type: none;\">\n<ul>\n<li style=\"list-style-type: none;\">\n<ul>\n<li>na zdj\u0119cia czekasz 5 do 15 minut<\/li>\n<li>retusz podstawowy polega na korekcji kolor\u00f3w i delikatnym wyg\u0142adzeniu sk\u00f3ry<\/li>\n<li>retusz zaawansowany polega na korekcji kolor\u00f3w, wyg\u0142adzeniu sk\u00f3ry, usuni\u0119ciu najbardziej widocznych niedoskona\u0142o\u015bci, zmian sk\u00f3rnych, odstaj\u0105cych w\u0142os\u00f3w, itp.<\/li>\n<li>pliki przekazujemy w formie skompresowanej minimum 600&#215;600 pikseli (do wniosku) i do 3500&#215;2330 pikseli przy 300 dpi (du\u017ce orygina\u0142y)<\/li>\n<li>pliki wysy\u0142amy na maila<\/li>\n<li>wydruk w formacie 5&#215;5 cm &#8211; 2 sztuki (opcjonalnie)<\/li>\n<li>miejsce wykonania zdj\u0119\u0107 do dokument\u00f3w: ul. Nowogrodzka 20\/6, 00-511 Warszawa<\/li>\n<\/ul>\n<\/li>\n<\/ul>\n<\/li>\n<\/ul>\n<p>Koszt wydruk\u00f3w:<\/p>\n<ul>\n<li style=\"list-style-type: none;\">\n<ul>\n<li style=\"list-style-type: none;\">\n<ul>\n<li>pierwszy 5&#215;5 cm &#8211; 2 szt. &#8211; 10 z\u0142<\/li>\n<li>kolejny 5&#215;5 cm &#8211; 2 szt. &#8211; 10 z\u0142<\/li>\n<li>kolejny wydruk ze zmian\u0105 formatu &#8211; 20 z\u0142<\/li>\n<\/ul>\n<\/li>\n<\/ul>\n<\/li>\n<\/ul>\n<p lang=\"pl-PL\">Na zdj\u0119ciu do Wizy USA musi by\u0107 widoczny ca\u0142y owal twarzy do linii uszu, natomiast same uszy nie musz\u0105 by\u0107 widoczne. W\u0142osy mog\u0105 by\u0107 u\u0142o\u017cone w dowolny spos\u00f3b (do przodu, do ty\u0142u, na bok) wa\u017cne, aby nie dotyka\u0142y brwi ani nie zas\u0142ania\u0142y owalu twarzy. Aby fryzura zmie\u015bci\u0142a si\u0119 w kadrze, zalecamy raczej g\u0142adkie uczesanie. Wyraz twarzy na zdj\u0119ciu powinien by\u0107 naturalny, co znaczy, \u017ce mo\u017cna si\u0119 delikatnie u\u015bmiecha\u0107 i nie trzeba mie\u0107 ani smutnej, ani bardzo powa\u017cnej miny. Wa\u017cne, aby ekspresja na twarzy nie by\u0142a zbyt mocna, usta powinny by\u0107 zamkni\u0119te. Okulary nie s\u0105 dozwolone, nawet je\u015bli zawsze je nosisz. W obecnej chwili wbrew obiegowym opiniom na oficjalnych stronach plac\u00f3wek dyplomatycznych USA nie ma informacji o konieczno\u015bci pokazywania uszu na zdj\u0119ciu. Tak jak w przypadku wszystkich zdj\u0119\u0107 identyfikacyjnych ewentualny retusz powinien by\u0107 naturalny i nie mo\u017ce ingerowa\u0107 w cechy biometryczne twarzy takie jak jej geometria.<\/p>\n<p lang=\"pl-PL\" style=\"text-align: justify;\">Osoby wyje\u017cd\u017caj\u0105ce do USA w celach towarzyskich lub biznesowych, powinny odpowiednio wcze\u015bnie przygotowa\u0107 stosowane dokumenty. Wiza to podstawowy dokument, dzi\u0119ki kt\u00f3remu mo\u017cna przekroczy\u0107 granice tego kraju, dlatego tak wa\u017cne jest wykonane zdj\u0119cie do wizy USA. Warszawa oferuje wiele mo\u017cliwo\u015bci w tym zakresie, lecz nasze studio fotograficznie szczeg\u00f3lnie wyr\u00f3\u017cnia si\u0119 w tej bran\u017cy, a to poprzez wysok\u0105 jako\u015b\u0107 \u015bwiadczonych us\u0142ug.<\/p>\n<p style=\"text-align: justify;\">Termin wykonania fotografii mo\u017cna zarezerwowa\u0107 online poprzez stron\u0119, w wybranym przez siebie terminie. Oferujemy profesjonalnie wykonane zdj\u0119cie do wizy w Warszawie. Takie zdj\u0119cie musi spe\u0142nia\u0107 okre\u015blone kryteria, takie jak rozmiar i rodzaj uj\u0119cia, czyli zdj\u0119cie musi by\u0107 wykonane na wprost. Dzi\u0119ki prawid\u0142owo wykonanej fotografii proces ubiegania si\u0119 o wiz\u0119 odb\u0119dzie si\u0119 w spos\u00f3b prawid\u0142owy i dokument otrzyma si\u0119 w okre\u015blonym przez urz\u0105d czasie.<\/p>\n<p style=\"text-align: justify;\">Nasze studio fotograficzne gwarantuje us\u0142ugi na najwy\u017cszym poziomie, kt\u00f3re nie zabieraj\u0105 du\u017co czasu, bo czas wykonania zdj\u0119cia, retuszu i odbioru trwa kilkana\u015bcie minut.<\/p>\n","protected":false},"excerpt":{"rendered":"<p><strong>Wybierz termin z kalendarza poni\u017cej na zdj\u0119cie do wizy USA. <\/strong>System automatycznie zaznaczy wymagan\u0105 ilo\u015b\u0107 blok\u00f3w (2 bloki = 20 minut, dwa bloki nast\u0119puj\u0105ce po sobie). Rezerwacja jest mo\u017cliwa najp\u00f3\u017aniej na 10 minut przed planowan\u0105 wizyt\u0105 oraz na nast\u0119pne 14 dni. Zdj\u0119cia do dokument\u00f3w wykonujemy w Centrum Warszawy przy ulicy Nowogrodzkiej 20\/6.<\/p>\n","protected":false},"featured_media":1858,"template":"","meta":{"_acf_changed":false,"om_disable_all_campaigns":false,"_monsterinsights_skip_tracking":false,"_monsterinsights_sitenote_active":false,"_monsterinsights_sitenote_note":"","_monsterinsights_sitenote_category":0,"pgc_sgb_lightbox_settings":""},"product_cat":[50],"product_tag":[],"class_list":{"0":"post-15145","1":"product","2":"type-product","3":"status-publish","4":"has-post-thumbnail","6":"product_cat-zdjecia-do-dokumentow","8":"first","9":"instock","10":"featured","11":"virtual","12":"purchasable","13":"product-type-phive_booking"},"acf":[],"aioseo_notices":[],"post_mailing_queue_ids":[],"_links":{"self":[{"href":"https:\/\/emhara.pl\/sklep\/wp-json\/wp\/v2\/product\/15145"}],"collection":[{"href":"https:\/\/emhara.pl\/sklep\/wp-json\/wp\/v2\/product"}],"about":[{"href":"https:\/\/emhara.pl\/sklep\/wp-json\/wp\/v2\/types\/product"}],"wp:featuredmedia":[{"embeddable":true,"href":"https:\/\/emhara.pl\/sklep\/wp-json\/wp\/v2\/media\/1858"}],"wp:attachment":[{"href":"https:\/\/emhara.pl\/sklep\/wp-json\/wp\/v2\/media?parent=15145"}],"wp:term":[{"taxonomy":"product_cat","embeddable":true,"href":"https:\/\/emhara.pl\/sklep\/wp-json\/wp\/v2\/product_cat?post=15145"},{"taxonomy":"product_tag","embeddable":true,"href":"https:\/\/emhara.pl\/sklep\/wp-json\/wp\/v2\/product_tag?post=15145"}],"curies":[{"name":"wp","href":"https:\/\/api.w.org\/{rel}","templated":true}]}}