{"id":1491,"date":"2020-02-02T21:26:23","date_gmt":"2020-02-02T20:26:23","guid":{"rendered":"https:\/\/sklep.emhara.pl\/?post_type=product&#038;p=1491"},"modified":"2025-09-11T23:39:18","modified_gmt":"2025-09-11T21:39:18","slug":"zdjecie-do-us-green-card","status":"publish","type":"product","link":"https:\/\/emhara.pl\/sklep\/produkt\/zdjecie-do-us-green-card\/","title":{"rendered":"Zdj\u0119cie do US Green Card"},"content":{"rendered":"<h2>Zdj\u0119cie do US Green Card<\/h2>\n<p>Specyfikacja:<\/p>\n<ul>\n<li>na zdj\u0119cia czekasz 5 do 10 minut<\/li>\n<li>retusz podstawowy polega na korekcji kolor\u00f3w i delikatnym wyg\u0142adzeniu sk\u00f3ry<\/li>\n<li>retusz zaawansowany polega na korekcji kolor\u00f3w, wyg\u0142adzeniu sk\u00f3ry, usuni\u0119ciu najbardziej widocznych niedoskona\u0142o\u015bci, zmian sk\u00f3rnych, odstaj\u0105cych w\u0142os\u00f3w, itp.<\/li>\n<li>pliki przekazujemy w formie skompresowanej 600&#215;600 pikseli (do wniosku) i do 3500&#215;2330 pikseli przy 300 dpi (du\u017ce orygina\u0142y)<\/li>\n<li>pliki wysy\u0142amy na maila<\/li>\n<li>wydruk w formacie 5&#215;5 cm &#8211; 2 sztuki (opcjonalnie)<\/li>\n<li>miejsce wykonania zdj\u0119\u0107 do dokument\u00f3w: ul. Nowogrodzka 20\/6, 00-511 Warszawa<\/li>\n<\/ul>\n<p>Koszt wydruk\u00f3w:<\/p>\n<ul>\n<li>pierwszy 5&#215;5 cm &#8211; 2 szt. &#8211; 10 z\u0142<\/li>\n<li>kolejny 5&#215;5 cm &#8211; 2 szt. &#8211; 10 z\u0142<\/li>\n<li>kolejny wydruk ze zmian\u0105 formatu &#8211; 20 z\u0142<\/li>\n<\/ul>\n<p>Na fotografii do Us Green Card musi by\u0107 widoczny ca\u0142y owal twarzy do linii uszu, natomiast same uszy nie musz\u0105 by\u0107 widoczne. W\u0142osy mog\u0105 by\u0107 u\u0142o\u017cone w dowolny spos\u00f3b (do przodu, do ty\u0142u, na bok) wa\u017cne, aby nie dotyka\u0142y brwi ani nie zas\u0142ania\u0142y owalu twarzy. Aby fryzura zmie\u015bci\u0142a si\u0119 w kadrze zalecamy raczej g\u0142adkie uczesanie. Wyraz twarzy na zdj\u0119ciu powinien by\u0107 naturalny co znaczy, \u017ce mo\u017cna si\u0119 delikatnie u\u015bmiecha\u0107 i nie trzeba mie\u0107 ani smutnej, ani bardzo powa\u017cnej miny. Wa\u017cne, aby ekspresja na twarzy nie by\u0142a zbyt mocna, usta powinny by\u0107 zamkni\u0119te. Okulary nie s\u0105 dozwolone, nawet je\u015bli zawsze je nosisz. W obecnej chwili wbrew obiegowym opiniom na oficjalnych stronach plac\u00f3wek dyplomatycznych USA nie ma informacji o konieczno\u015bci pokazywania uszu. Tak jak w przypadku wszystkich zdj\u0119\u0107 identyfikacyjnych ewentualna obr\u00f3bka nie mo\u017ce ingerowa\u0107 w cechy biometryczne twarzy takie jak jej geometria.<\/p>\n<p><span style=\"text-align: justify;\">Termin wykonania fotografii do US Green Card mo\u017cna zarezerwowa\u0107 online poprzez stron\u0119, w wybranym przez siebie terminie. Oferujemy profesjonalnie wykonane zdj\u0119cie do Zielonej Karty USA (Zdj\u0119cie do US Green Card) \u00a0w Warszawie. Takie zdj\u0119cie musi spe\u0142nia\u0107 okre\u015blone kryteria, takie jak rozmiar i rodzaj uj\u0119cia, czyli zdj\u0119cie musi by\u0107 wykonane na wprost.<\/span><\/p>\n<p>Nasze studio fotograficzne gwarantuje us\u0142ugi na najwy\u017cszym poziomie, kt\u00f3re nie zabieraj\u0105 du\u017co czasu, bo czas wykonania zdj\u0119cia, retuszu i odbioru trwa kilkana\u015bcie minut.<\/p>\n","protected":false},"excerpt":{"rendered":"<p><strong>Wybierz termin z kalendarza poni\u017cej na zdj\u0119cie do US Green Card.\u00a0<\/strong>System automatycznie zaznaczy wymagan\u0105 ilo\u015b\u0107 blok\u00f3w (1 blok = 10 minut). Rezerwacja jest mo\u017cliwa najp\u00f3\u017aniej na 10 minut przed planowan\u0105 wizyt\u0105 oraz na nast\u0119pne 14 dni. Zdj\u0119cia do dokument\u00f3w wykonujemy w Centrum Warszawy przy ulicy Nowogrodzkiej 20\/6.<\/p>\n","protected":false},"featured_media":1858,"template":"","meta":{"_acf_changed":false,"om_disable_all_campaigns":false,"_monsterinsights_skip_tracking":false,"_monsterinsights_sitenote_active":false,"_monsterinsights_sitenote_note":"","_monsterinsights_sitenote_category":0,"pgc_sgb_lightbox_settings":""},"product_cat":[50],"product_tag":[],"class_list":{"0":"post-1491","1":"product","2":"type-product","3":"status-publish","4":"has-post-thumbnail","6":"product_cat-zdjecia-do-dokumentow","8":"first","9":"instock","10":"featured","11":"virtual","12":"purchasable","13":"product-type-phive_booking"},"acf":[],"aioseo_notices":[],"post_mailing_queue_ids":[],"_links":{"self":[{"href":"https:\/\/emhara.pl\/sklep\/wp-json\/wp\/v2\/product\/1491"}],"collection":[{"href":"https:\/\/emhara.pl\/sklep\/wp-json\/wp\/v2\/product"}],"about":[{"href":"https:\/\/emhara.pl\/sklep\/wp-json\/wp\/v2\/types\/product"}],"wp:featuredmedia":[{"embeddable":true,"href":"https:\/\/emhara.pl\/sklep\/wp-json\/wp\/v2\/media\/1858"}],"wp:attachment":[{"href":"https:\/\/emhara.pl\/sklep\/wp-json\/wp\/v2\/media?parent=1491"}],"wp:term":[{"taxonomy":"product_cat","embeddable":true,"href":"https:\/\/emhara.pl\/sklep\/wp-json\/wp\/v2\/product_cat?post=1491"},{"taxonomy":"product_tag","embeddable":true,"href":"https:\/\/emhara.pl\/sklep\/wp-json\/wp\/v2\/product_tag?post=1491"}],"curies":[{"name":"wp","href":"https:\/\/api.w.org\/{rel}","templated":true}]}}