{"id":1487,"date":"2020-02-02T21:12:04","date_gmt":"2020-02-02T20:12:04","guid":{"rendered":"https:\/\/sklep.emhara.pl\/?post_type=product&#038;p=1487"},"modified":"2025-08-25T16:17:32","modified_gmt":"2025-08-25T14:17:32","slug":"zdjecie-do-dyplomu","status":"publish","type":"product","link":"https:\/\/emhara.pl\/sklep\/produkt\/zdjecie-do-dyplomu\/","title":{"rendered":"Zdj\u0119cie do dyplomu"},"content":{"rendered":"<h2>Zdj\u0119cie do dyplomu<\/h2>\n<p>Specyfikacja:<\/p>\n<ul>\n<li>na zdj\u0119cia czekasz 5 do 15 minut<\/li>\n<li>retusz podstawowy polega na korekcji kolor\u00f3w i delikatnym wyg\u0142adzeniu sk\u00f3ry<\/li>\n<li>retusz zaawansowany polega na korekcji kolor\u00f3w, wyg\u0142adzeniu sk\u00f3ry, usuni\u0119ciu najbardziej widocznych niedoskona\u0142o\u015bci, zmian sk\u00f3rnych, odstaj\u0105cych w\u0142os\u00f3w, itp.<\/li>\n<li>pliki przekazujemy w formie skompresowanej do 3500&#215;2330 pikseli przy 300 dpi i przygotowane wed\u0142ug wymog\u00f3w uczelni<\/li>\n<li>pliki wysy\u0142amy na maila<\/li>\n<li>miejsce wykonania zdj\u0119\u0107 do dokument\u00f3w: ul. Nowogrodzka 20\/6, 00-511 Warszawa<\/li>\n<li>wydruk w formacie 4,5&#215;6,5 cm<\/li>\n<\/ul>\n<p>Koszt wydruk\u00f3w:<\/p>\n<ul>\n<li>kolejny wydruk 4,5&#215;6,5 cm &#8211; 4 szt. &#8211; 10 z\u0142<\/li>\n<li>kolejny wydruk ze zmian\u0105 formatu &#8211; 20 z\u0142<\/li>\n<\/ul>\n<p>Zdj\u0119cie dyplomowe powinno by\u0107 wykonanie \u015bci\u015ble wed\u0142ug wymaganych standard\u00f3w, a wi\u0119c mie\u0107 odpowiedni format, uj\u0119cie i t\u0142o. Sprostanie takim wymaganiom jest bardzo \u0142atwe, pod warunkiem, \u017ce fotografi\u0119 wykona profesjonalny fotograf.<\/p>\n<p style=\"text-align: justify;\">Je\u017celi mieszkasz w stolicy i potrzebujesz fachowo wykonane zdj\u0119cie do dyplomu, Warszawa jest lokalizacj\u0105, gdzie mie\u015bci si\u0119 profesjonalne studio, \u015bwiadcz\u0105ce takie us\u0142ugi. Poprzez nasz\u0105 stron\u0119 mo\u017cesz dokona\u0107 rezerwacji w wygodnym dla siebie terminie i przyj\u015b\u0107 bezpo\u015brednio pod adres naszego studia.<\/p>\n<p style=\"text-align: justify;\">Zdj\u0119cie do dyplomu to us\u0142uga na najwy\u017cszym poziomie. Mo\u017cesz wybra\u0107 najkorzystniejsze uj\u0119cie, a po dokonanym retuszu odebra\u0107 je od razu, albo wy\u015blemy je na tw\u00f3j e-mail. Us\u0142ug\u0119 wykonujemy w dobrej cenie, rzetelnie i sprawnie, bo wszystkie dzia\u0142ania trwaj\u0105 zaledwie kilkana\u015bcie minut.<\/p>\n","protected":false},"excerpt":{"rendered":"<p><strong>Wybierz termin z kalendarza poni\u017cej.\u00a0<\/strong>System automatycznie zaznaczy wymagan\u0105 ilo\u015b\u0107 blok\u00f3w (2 bloki = 20 minut, dwa bloki nast\u0119puj\u0105ce po sobie). Rezerwacja jest mo\u017cliwa najp\u00f3\u017aniej na 10 minut przed planowan\u0105 wizyt\u0105 oraz na nast\u0119pne 14 dni. Zdj\u0119cia do dokument\u00f3w wykonujemy w Centrum Warszawy przy ulicy Nowogrodzkiej 20\/6.<\/p>\n","protected":false},"featured_media":1011,"template":"","meta":{"_acf_changed":false,"om_disable_all_campaigns":false,"_monsterinsights_skip_tracking":false,"_monsterinsights_sitenote_active":false,"_monsterinsights_sitenote_note":"","_monsterinsights_sitenote_category":0,"pgc_sgb_lightbox_settings":""},"product_cat":[50],"product_tag":[],"class_list":{"0":"post-1487","1":"product","2":"type-product","3":"status-publish","4":"has-post-thumbnail","6":"product_cat-zdjecia-do-dokumentow","8":"first","9":"instock","10":"featured","11":"virtual","12":"purchasable","13":"product-type-phive_booking"},"acf":[],"aioseo_notices":[],"post_mailing_queue_ids":[],"_links":{"self":[{"href":"https:\/\/emhara.pl\/sklep\/wp-json\/wp\/v2\/product\/1487"}],"collection":[{"href":"https:\/\/emhara.pl\/sklep\/wp-json\/wp\/v2\/product"}],"about":[{"href":"https:\/\/emhara.pl\/sklep\/wp-json\/wp\/v2\/types\/product"}],"wp:featuredmedia":[{"embeddable":true,"href":"https:\/\/emhara.pl\/sklep\/wp-json\/wp\/v2\/media\/1011"}],"wp:attachment":[{"href":"https:\/\/emhara.pl\/sklep\/wp-json\/wp\/v2\/media?parent=1487"}],"wp:term":[{"taxonomy":"product_cat","embeddable":true,"href":"https:\/\/emhara.pl\/sklep\/wp-json\/wp\/v2\/product_cat?post=1487"},{"taxonomy":"product_tag","embeddable":true,"href":"https:\/\/emhara.pl\/sklep\/wp-json\/wp\/v2\/product_tag?post=1487"}],"curies":[{"name":"wp","href":"https:\/\/api.w.org\/{rel}","templated":true}]}}