{"id":1000,"date":"2020-01-27T16:29:35","date_gmt":"2020-01-27T15:29:35","guid":{"rendered":"https:\/\/sklep.emhara.pl\/?post_type=product&#038;p=1000"},"modified":"2025-08-25T16:28:48","modified_gmt":"2025-08-25T14:28:48","slug":"sesja-do-linii-lotniczych","status":"publish","type":"product","link":"https:\/\/emhara.pl\/sklep\/produkt\/sesja-do-linii-lotniczych\/","title":{"rendered":"Sesja do linii lotniczych"},"content":{"rendered":"<h2>Sesja do linii lotniczych w Warszawie<\/h2>\n<p>Sesja do linii lotniczych trwa <strong>60 minut<\/strong>, dwa zdj\u0119cia &#8211; ca\u0142a posta\u0107 i portret\u00a0bez retuszu to <strong>koszt 300 z\u0142<\/strong> &#8211; cena bazowa.<br \/>\nSpecyfikacja:<\/p>\n<ul>\n<li>pliki po obr\u00f3bce technicznej (kolory, kontrast, ostro\u015b\u0107, itp.)<\/li>\n<li>wydruk w cenie<\/li>\n<li>pliki w wysokiej rozdzielczo\u015bci oraz dostosowane do publikacji w internecie (r\u00f3\u017cne sposoby kadrowania i kompresji)<\/li>\n<li>pliki w rozmiarze do 6000&#215;4000 pikseli przy 300 dpi oraz zmniejszone<\/li>\n<li>format\u00a0JPEG<\/li>\n<li>link do pobrania z serwera<\/li>\n<li>czas oczekiwania na zdj\u0119cia bez retuszu maksymalnie 1 dzie\u0144<\/li>\n<li style=\"list-style-type: none;\">\n<ul>\n<li style=\"list-style-type: none;\"><\/li>\n<\/ul>\n<\/li>\n<\/ul>\n<p>Opcjonalnie:<\/p>\n<ul>\n<li>retusz dw\u00f3ch zdj\u0119\u0107 plus 150 z\u0142<\/li>\n<li>czas oczekiwania na zdj\u0119cia z retuszem 2-4 dni robocze<\/li>\n<li>us\u0142uga ekspres (pliki z retuszem dost\u0119pne w 24h) plus 50% ceny<\/li>\n<li>miejsce wykonania zdj\u0119\u0107: ul. Nowogrodzka 20\/6, 00-511 Warszawa,<\/li>\n<li style=\"list-style-type: none;\">\n<ul>\n<li style=\"list-style-type: none;\">\n<ul>\n<li style=\"list-style-type: none;\"><\/li>\n<\/ul>\n<\/li>\n<\/ul>\n<\/li>\n<\/ul>\n","protected":false},"excerpt":{"rendered":"<p>2 zdj\u0119cia (ca\u0142a posta\u0107 i portret) za 300 z\u0142, pliki i wydruk w cenie, opcjonalny retusz i ekspresowa realizacja.<\/p>\n<p><strong>Wybierz termin z kalendarza poni\u017cej.\u00a0<\/strong>System automatycznie zaznaczy w kalendarzu wymagan\u0105 ilo\u015b\u0107 blok\u00f3w. Rezerwacja jest mo\u017cliwa najp\u00f3\u017aniej na 30 minut przed planowan\u0105 wizyt\u0105 oraz na nast\u0119pne 14 dni.<\/p>\n","protected":false},"featured_media":1007,"template":"","meta":{"_acf_changed":false,"om_disable_all_campaigns":false,"_monsterinsights_skip_tracking":false,"_monsterinsights_sitenote_active":false,"_monsterinsights_sitenote_note":"","_monsterinsights_sitenote_category":0,"pgc_sgb_lightbox_settings":""},"product_cat":[47],"product_tag":[],"class_list":{"0":"post-1000","1":"product","2":"type-product","3":"status-publish","4":"has-post-thumbnail","6":"product_cat-fotografia-biznesowa","8":"first","9":"instock","10":"featured","11":"virtual","12":"purchasable","13":"product-type-phive_booking"},"acf":[],"aioseo_notices":[],"post_mailing_queue_ids":[],"_links":{"self":[{"href":"https:\/\/emhara.pl\/sklep\/wp-json\/wp\/v2\/product\/1000"}],"collection":[{"href":"https:\/\/emhara.pl\/sklep\/wp-json\/wp\/v2\/product"}],"about":[{"href":"https:\/\/emhara.pl\/sklep\/wp-json\/wp\/v2\/types\/product"}],"wp:featuredmedia":[{"embeddable":true,"href":"https:\/\/emhara.pl\/sklep\/wp-json\/wp\/v2\/media\/1007"}],"wp:attachment":[{"href":"https:\/\/emhara.pl\/sklep\/wp-json\/wp\/v2\/media?parent=1000"}],"wp:term":[{"taxonomy":"product_cat","embeddable":true,"href":"https:\/\/emhara.pl\/sklep\/wp-json\/wp\/v2\/product_cat?post=1000"},{"taxonomy":"product_tag","embeddable":true,"href":"https:\/\/emhara.pl\/sklep\/wp-json\/wp\/v2\/product_tag?post=1000"}],"curies":[{"name":"wp","href":"https:\/\/api.w.org\/{rel}","templated":true}]}}