{"id":1052,"date":"2020-01-27T23:44:35","date_gmt":"2020-01-27T22:44:35","guid":{"rendered":"https:\/\/sklep.emhara.pl\/?page_id=1052"},"modified":"2021-09-22T15:26:25","modified_gmt":"2021-09-22T13:26:25","slug":"kontakt","status":"publish","type":"page","link":"https:\/\/emhara.pl\/sklep\/kontakt\/","title":{"rendered":"Kontakt"},"content":{"rendered":"<p><strong>Warszawa<\/strong> <strong>\u015ar\u00f3dmie\u015bcie<\/strong><\/p><p>ul. Nowogrodzka 20, lokal 6, I pi\u0119tro,<br>00-511 Warszawa<br>NIP: 864-179-40-09<br>nr konta:&nbsp;75 1140 2004 0000 3102 7573 0582<\/p><p>tel. <a href=\"tel:+48222302360\">22-230-23-60<\/a> \u2013\u00a0do studia<br>michal@emhara.pl<br>zdjecia@emhara.pl<br>Godziny pracy i wolne terminy widoczne s\u0105 w kalendarzu rezerwacji przy ka\u017cdym produkcie. Zach\u0119camy do rezerwacji online.<br>Aby odwo\u0142a\u0107 wizyt\u0119 um\u00f3wion\u0105 online prosimy pisa\u0107 na adres widoczny w potwierdzeniu zam\u00f3wienia.<\/p><h3 class=\"wp-block-heading\">O nas<\/h3><p>Studio eMHara.pl to zesp\u00f3\u0142 trojga fotograf\u00f3w kt\u00f3rego tw\u00f3rc\u0105 jest Micha\u0142 Hara. Jako do\u015bwiadczona dru\u017cyna dok\u0142adamy wszelkich stara\u0144 aby dostarcza\u0107 dok\u0142adnie takie zdj\u0119cia jakich potrzebuj\u0105 nasi klienci. Zwracamy przy tym uwag\u0119 na standardy bran\u017cowe i wymagania odbiorc\u00f3w.<\/p>\n<iframe loading=\"lazy\" src=\"https:\/\/www.google.com\/maps\/embed?pb=!1m14!1m8!1m3!1d9775.080516175964!2d21.014499!3d52.229394!3m2!1i1024!2i768!4f13.1!3m3!1m2!1s0x0%3A0xdcd2a1e81dab2d2!2seMHara.pl%20-%20fotografia%20biznesowa%2C%20zdj%C4%99cia%20do%20dokument%C3%B3w!5e0!3m2!1spl!2spl!4v1583912689836!5m2!1spl!2spl\" width=\"100%\" height=\"300\" frameborder=\"0\" style=\"border:0;\" allowfullscreen=\"\" aria-hidden=\"false\" tabindex=\"0\"><\/iframe>","protected":false},"excerpt":{"rendered":"<p>Warszawa \u015ar\u00f3dmie\u015bcie ul. Nowogrodzka 20, lokal 6, I pi\u0119tro,00-511 WarszawaNIP: 864-179-40-09nr konta:&nbsp;75 1140 2004 0000 3102 7573 0582 tel. 22-230-23-60 \u2013\u00a0do studiamichal@emhara.plzdjecia@emhara.plGodziny pracy i wolne&hellip; <\/p>\n","protected":false},"author":1,"featured_media":0,"parent":0,"menu_order":0,"comment_status":"closed","ping_status":"closed","template":"","meta":{"_acf_changed":false,"om_disable_all_campaigns":false,"_monsterinsights_skip_tracking":false,"_monsterinsights_sitenote_active":false,"_monsterinsights_sitenote_note":"","_monsterinsights_sitenote_category":0,"pgc_sgb_lightbox_settings":"","footnotes":""},"class_list":["post-1052","page","type-page","status-publish","hentry"],"acf":[],"aioseo_notices":[],"post_mailing_queue_ids":[],"_links":{"self":[{"href":"https:\/\/emhara.pl\/sklep\/wp-json\/wp\/v2\/pages\/1052"}],"collection":[{"href":"https:\/\/emhara.pl\/sklep\/wp-json\/wp\/v2\/pages"}],"about":[{"href":"https:\/\/emhara.pl\/sklep\/wp-json\/wp\/v2\/types\/page"}],"author":[{"embeddable":true,"href":"https:\/\/emhara.pl\/sklep\/wp-json\/wp\/v2\/users\/1"}],"replies":[{"embeddable":true,"href":"https:\/\/emhara.pl\/sklep\/wp-json\/wp\/v2\/comments?post=1052"}],"version-history":[{"count":19,"href":"https:\/\/emhara.pl\/sklep\/wp-json\/wp\/v2\/pages\/1052\/revisions"}],"predecessor-version":[{"id":14851,"href":"https:\/\/emhara.pl\/sklep\/wp-json\/wp\/v2\/pages\/1052\/revisions\/14851"}],"wp:attachment":[{"href":"https:\/\/emhara.pl\/sklep\/wp-json\/wp\/v2\/media?parent=1052"}],"curies":[{"name":"wp","href":"https:\/\/api.w.org\/{rel}","templated":true}]}}