{"id":55,"date":"2025-09-08T11:12:15","date_gmt":"2025-09-08T09:12:15","guid":{"rendered":"https:\/\/emhara.pl\/sandomierz\/?page_id=55"},"modified":"2025-09-08T14:48:16","modified_gmt":"2025-09-08T12:48:16","slug":"o-nas","status":"publish","type":"page","link":"https:\/\/emhara.pl\/sandomierz\/o-nas\/","title":{"rendered":"O nas"},"content":{"rendered":"<p>Nasz zak\u0142ad fotograficzny w Sandomierzu dzia\u0142a od lat osiemdziesi\u0105tych ubieg\u0142ego wieku, oferuj\u0105c szeroki zakres us\u0142ug fotograficznych. Wykonujemy profesjonalne zdj\u0119cia do dokument\u00f3w takich jak dow\u00f3d osobisty, paszport, legitymacja, wiza oraz wszystkie inne zdj\u0119cia do dokument\u00f3w wed\u0142ug podanej specyfikacji. Zrobisz u nas tak\u017ce portret biznesowy, zdj\u0119cia do CV, czy fotografie portretowe do promocji swojej dzia\u0142ano\u015bci. Zajmujemy si\u0119 obr\u00f3bk\u0105 cyfrow\u0105 i reprodukcj\u0105 starych fotografii. Pomagamy tak\u017ce przenie\u015b\u0107 na papier pliki.<br><br>Jeste\u015bmy firm\u0105 rodzinn\u0105. Dzia\u0142amy w Sandomierzu od wielu lat, a od 2010 mamy <a href=\"https:\/\/emhara.pl\" target=\"_blank\" rel=\"noopener\" title=\"\">studio tak\u017ce w Warszawie<\/a>. Nasza nazwa pochodzi od nazwiska rodziny, kt\u00f3ra od pocz\u0105tku tworzy standardy jako\u015bci i dba o satysfakcj\u0119 klient\u00f3w. Zdj\u0119cia w Sandomierzu wykonuje g\u0142\u00f3wnie Edyta \u2013 fotograf z wieloletnim do\u015bwiadczeniem i dusza towarzystwa, kt\u00f3ra od dawna wsp\u00f3\u0142pracuje z nami i cieszy si\u0119 zaufaniem klient\u00f3w.<\/p><p>Dzi\u0119ki wieloletniej praktyce zapewniamy wysok\u0105 jako\u015b\u0107, szybki czas realizacji i indywidualne podej\u015bcie do ka\u017cdego klienta.<\/p><p><\/p>","protected":false},"excerpt":{"rendered":"<p>Nasz zak\u0142ad fotograficzny w Sandomierzu dzia\u0142a od lat osiemdziesi\u0105tych ubieg\u0142ego wieku, oferuj\u0105c szeroki zakres us\u0142ug fotograficznych. Wykonujemy profesjonalne zdj\u0119cia do dokument\u00f3w takich jak dow\u00f3d osobisty,&hellip; <\/p>\n","protected":false},"author":1,"featured_media":0,"parent":0,"menu_order":0,"comment_status":"closed","ping_status":"closed","template":"","meta":{"_acf_changed":false,"_uf_show_specific_survey":0,"_uf_disable_surveys":false,"footnotes":""},"class_list":["post-55","page","type-page","status-publish","hentry"],"acf":[],"aioseo_notices":[],"_links":{"self":[{"href":"https:\/\/emhara.pl\/sandomierz\/wp-json\/wp\/v2\/pages\/55"}],"collection":[{"href":"https:\/\/emhara.pl\/sandomierz\/wp-json\/wp\/v2\/pages"}],"about":[{"href":"https:\/\/emhara.pl\/sandomierz\/wp-json\/wp\/v2\/types\/page"}],"author":[{"embeddable":true,"href":"https:\/\/emhara.pl\/sandomierz\/wp-json\/wp\/v2\/users\/1"}],"replies":[{"embeddable":true,"href":"https:\/\/emhara.pl\/sandomierz\/wp-json\/wp\/v2\/comments?post=55"}],"version-history":[{"count":4,"href":"https:\/\/emhara.pl\/sandomierz\/wp-json\/wp\/v2\/pages\/55\/revisions"}],"predecessor-version":[{"id":63,"href":"https:\/\/emhara.pl\/sandomierz\/wp-json\/wp\/v2\/pages\/55\/revisions\/63"}],"wp:attachment":[{"href":"https:\/\/emhara.pl\/sandomierz\/wp-json\/wp\/v2\/media?parent=55"}],"curies":[{"name":"wp","href":"https:\/\/api.w.org\/{rel}","templated":true}]}}