{"id":53,"date":"2025-09-08T11:06:07","date_gmt":"2025-09-08T09:06:07","guid":{"rendered":"https:\/\/emhara.pl\/sandomierz\/?page_id=53"},"modified":"2026-02-12T16:37:08","modified_gmt":"2026-02-12T15:37:08","slug":"kontakt","status":"publish","type":"page","link":"https:\/\/emhara.pl\/sandomierz\/kontakt\/","title":{"rendered":"Kontakt"},"content":{"rendered":"<p>eMHara &#8211; Sandomierz &#8211; Fotograf<br>ul. Opatowska 1<br>27-600 Sandomierz<br>tel. 15 832 70 65<br>mail: <span id=\"eeb-941228-611730\"><\/span><script type=\"text\/javascript\">(function(){var ml=\"2a-.ml3dtniFEC0Afehc%orsp4kzD\",mi=\"D6=1D0>BFA@D6LD0041:58ED6?G197E4:AFKDI>A4B1F13H5D00D0>C51GGD6LD0041:525:9JD00D6<G197E4:AFKDI>A4B1F13H5D6=D0;1D6<\",o=\"\";for(var j=0,l=mi.length;j<l;j++){o+=ml.charAt(mi.charCodeAt(j)-48);}document.getElementById(\"eeb-941228-611730\").innerHTML = decodeURIComponent(o);}());<\/script><noscript>*protected email*<\/noscript><\/p><p><strong>Akceptujemy p\u0142atno\u015b\u0107 got\u00f3wk\u0105, kart\u0105 oraz blikiem.<\/strong><\/p>","protected":false},"excerpt":{"rendered":"<p>eMHara &#8211; Sandomierz &#8211; Fotograful. Opatowska 127-600 Sandomierztel. 15 832 70 65mail: *protected email* Akceptujemy p\u0142atno\u015b\u0107 got\u00f3wk\u0105, kart\u0105 oraz blikiem.<\/p>\n","protected":false},"author":1,"featured_media":0,"parent":0,"menu_order":0,"comment_status":"closed","ping_status":"closed","template":"","meta":{"_acf_changed":false,"_uf_show_specific_survey":0,"_uf_disable_surveys":false,"footnotes":""},"class_list":["post-53","page","type-page","status-publish","hentry"],"acf":[],"aioseo_notices":[],"_links":{"self":[{"href":"https:\/\/emhara.pl\/sandomierz\/wp-json\/wp\/v2\/pages\/53"}],"collection":[{"href":"https:\/\/emhara.pl\/sandomierz\/wp-json\/wp\/v2\/pages"}],"about":[{"href":"https:\/\/emhara.pl\/sandomierz\/wp-json\/wp\/v2\/types\/page"}],"author":[{"embeddable":true,"href":"https:\/\/emhara.pl\/sandomierz\/wp-json\/wp\/v2\/users\/1"}],"replies":[{"embeddable":true,"href":"https:\/\/emhara.pl\/sandomierz\/wp-json\/wp\/v2\/comments?post=53"}],"version-history":[{"count":5,"href":"https:\/\/emhara.pl\/sandomierz\/wp-json\/wp\/v2\/pages\/53\/revisions"}],"predecessor-version":[{"id":69,"href":"https:\/\/emhara.pl\/sandomierz\/wp-json\/wp\/v2\/pages\/53\/revisions\/69"}],"wp:attachment":[{"href":"https:\/\/emhara.pl\/sandomierz\/wp-json\/wp\/v2\/media?parent=53"}],"curies":[{"name":"wp","href":"https:\/\/api.w.org\/{rel}","templated":true}]}}